{"id":671,"date":"2018-08-05T10:03:32","date_gmt":"2018-08-05T08:03:32","guid":{"rendered":"http:\/\/www.gruene-durlach.de\/?page_id=671"},"modified":"2018-08-05T10:04:38","modified_gmt":"2018-08-05T08:04:38","slug":"datenschutzerklaerung","status":"publish","type":"page","link":"https:\/\/www.gruene-durlach.de\/?page_id=671","title":{"rendered":"Datenschutzerkl\u00e4rung"},"content":{"rendered":"<p>Der Schutz Ihrer pers\u00f6nlichen Daten ist uns ein besonderes Anliegen. Wir verarbeiten Ihre Daten daher ausschlie\u00dflich auf Grundlage der gesetzlichen Bestimmungen (DSGVO, TMG). In diesen Datenschutzinformationen informieren wir Sie \u00fcber die wichtigsten Aspekte der Datenverarbeitung im Rahmen unserer Website.<\/p>\n<h3>Kontakt mit uns<\/h3>\n<p>Wenn Sie per Formular auf der Website oder per E-Mail Kontakt mit uns aufnehmen, werden Ihre angegebenen Daten zwecks Bearbeitung der Anfrage und f\u00fcr den Fall von Anschlussfragen sechs Monate bei uns gespeichert.<\/p>\n<h3>Datenl\u00f6schung und Speicherung<\/h3>\n<p>Ihre personenbezogenen Daten werden gel\u00f6scht oder gesperrt, sobald der Zweck der Speicherung entf\u00e4llt. Eine l\u00e4ngere Speicherung kann dann erfolgen, wenn der L\u00f6schung eine gesetzliche Aufbewahrungsfrist z.B. aus der Abgabenordnung oder dem HGB entgegensteht. Eine Weitergabe an Dritte erfolgt nicht.<\/p>\n<h3>Cookies<\/h3>\n<p>Unsere Website verwendet so genannte Cookies. Dabei handelt es sich um kleine Textdateien, die mit Hilfe des Browsers auf Ihrem Endger\u00e4t abgelegt werden. Sie richten keinen Schaden an.Wir nutzen Cookies dazu, unser Angebot nutzerfreundlich zu gestalten. Einige Cookies bleiben auf Ihrem Endger\u00e4t gespeichert, bis Sie diese l\u00f6schen. Sie erm\u00f6glichen es uns, Ihren Browser beim n\u00e4chsten Besuch wiederzuerkennen. Wenn Sie dies nicht w\u00fcnschen, so k\u00f6nnen Sie Ihren Browser so einrichten, dass er Sie \u00fcber das Setzen von Cookies informt und Sie dies nur im Einzelfall erlauben.<\/p>\n<p>Bei der Deaktivierung von Cookies kann die Funktionalit\u00e4t unserer Website eingeschr\u00e4nkt sein.<\/p>\n<h3>Ihre Rechte<\/h3>\n<p>Ihnen stehen grunds\u00e4tzlich die Rechte auf Auskunft, Berichtigung, L\u00f6schung, Einschr\u00e4nkung, Daten\u00fcbertragbarkeit, Widerruf und Widerspruch zu.<\/p>\n<p>Wenn Sie glauben, dass die Verarbeitung Ihrer Daten gegen das Datenschutzrecht verst\u00f6\u00dft oder Ihre datenschutzrechtlichen Anspr\u00fcche sonst in einer Weise verletzt worden sind, k\u00f6nnen Sie sich bei der Aufsichtsbeh\u00f6rde beschweren. Das sind die jeweiligen Landesbeauftragten f\u00fcr Datenschutz. F\u00fcr Baden-W\u00fcrttemberg erreichen\u00a0Sie diese unter folgenden Kontaktdaten:<\/p>\n<p>Landesbeauftragter f\u00fcr Datenschutz und Informationsfreiheit Baden-W\u00fcrttemberg<br \/>\n<a href=\"https:\/\/www.baden-wuerttemberg.datenschutz.de\">https:\/\/www.baden-wuerttemberg.datenschutz.de<\/a><br \/>\nE-Mail: <a href=\"mailto:poststelle@lfdi.bwl.de\">poststelle@lfdi.bwl.de<\/a><br \/>\nPostfach 10 29 32, 70025 Stuttgart<br \/>\nTel: 0711\/615541-0<br \/>\nFax: 0711\/615541-15<\/p>\n<h3>Uns erreichen Sie unter folgenden Kontaktdaten:<\/h3>\n<p>B\u00dcNDNIS 90\/DIE GR\u00dcNEN Karlsruhe<br \/>\nSophienstr. 58<br \/>\n76133 Karlsruhe<br \/>\nTel: 0721-2031232<br \/>\nE-Mail: info@gruenekarlsruhe.de<\/p>\n<h3><\/h3>\n","protected":false},"excerpt":{"rendered":"<p>Der Schutz Ihrer pers\u00f6nlichen Daten ist uns ein besonderes Anliegen. Wir verarbeiten Ihre Daten daher ausschlie\u00dflich auf Grundlage der gesetzlichen Bestimmungen (DSGVO, TMG). In diesen Datenschutzinformationen informieren wir Sie \u00fcber&#8230; <\/p>\n","protected":false},"author":2,"featured_media":0,"parent":667,"menu_order":0,"comment_status":"closed","ping_status":"closed","template":"","meta":{"footnotes":""},"class_list":["post-671","page","type-page","status-publish","hentry"],"_links":{"self":[{"href":"https:\/\/www.gruene-durlach.de\/index.php?rest_route=\/wp\/v2\/pages\/671","targetHints":{"allow":["GET"]}}],"collection":[{"href":"https:\/\/www.gruene-durlach.de\/index.php?rest_route=\/wp\/v2\/pages"}],"about":[{"href":"https:\/\/www.gruene-durlach.de\/index.php?rest_route=\/wp\/v2\/types\/page"}],"author":[{"embeddable":true,"href":"https:\/\/www.gruene-durlach.de\/index.php?rest_route=\/wp\/v2\/users\/2"}],"replies":[{"embeddable":true,"href":"https:\/\/www.gruene-durlach.de\/index.php?rest_route=%2Fwp%2Fv2%2Fcomments&post=671"}],"version-history":[{"count":2,"href":"https:\/\/www.gruene-durlach.de\/index.php?rest_route=\/wp\/v2\/pages\/671\/revisions"}],"predecessor-version":[{"id":673,"href":"https:\/\/www.gruene-durlach.de\/index.php?rest_route=\/wp\/v2\/pages\/671\/revisions\/673"}],"up":[{"embeddable":true,"href":"https:\/\/www.gruene-durlach.de\/index.php?rest_route=\/wp\/v2\/pages\/667"}],"wp:attachment":[{"href":"https:\/\/www.gruene-durlach.de\/index.php?rest_route=%2Fwp%2Fv2%2Fmedia&parent=671"}],"curies":[{"name":"wp","href":"https:\/\/api.w.org\/{rel}","templated":true}]}}