{"id":667,"date":"2018-08-05T09:55:27","date_gmt":"2018-08-05T07:55:27","guid":{"rendered":"http:\/\/www.gruene-durlach.de\/?page_id=667"},"modified":"2026-03-03T21:20:49","modified_gmt":"2026-03-03T20:20:49","slug":"impressum","status":"publish","type":"page","link":"https:\/\/www.gruene-durlach.de\/?page_id=667","title":{"rendered":"Impressum"},"content":{"rendered":"<section class=\"entry-content clearfix\">\n<h3>Name und Anschrift<\/h3>\n<p>B\u00fcndnis 90\/Die Gr\u00fcnen &#8211; Ortsverband Durlach<br \/>\nc\/o B\u00fcndnis 90\/Die Gr\u00fcnen &#8211; Kreisverband Karlsruhe<br \/>\nRedtenbacher 9<br \/>\n76133 Karlsruhe<\/p>\n<h3>Der Ortsverband Durlach wird durch den Vorstand vertreten.<\/h3>\n<p>Dem Vorstand geh\u00f6ren an: Hans-Markus Kasparek, Ralf K\u00f6ster, Steffi K\u00f6ster, Eva Rudolph und Lutz Thielmann.<\/p>\n<p><a href=\"mailto:info@gruene-durlach.de\">info@gruene-durlach.de<\/a><\/p>\n<h3>Verantwortlich im Sinne \u00a7 55 Abs. 2 RStV<\/h3>\n<p>B\u00fcndnis 90\/Die Gr\u00fcnen &#8211; Ortsverband Durlach<br \/>\nc\/o B\u00fcndnis 90\/Die Gr\u00fcnen &#8211; Kreisverband Karlsruhe<br \/>\nRedtenbacherstr. 9<br \/>\n76133 Karlsruhe<\/p>\n<h3>Satzung<\/h3>\n<p>Hier finden Sie unsere Satzung: <a href=\"http:\/\/gruenekarlsruhe.de\/satzung\/\">http:\/\/gruenekarlsruhe.de\/satzung\/<\/a><\/p>\n<h3>Haftung f\u00fcr Inhalte<\/h3>\n<p>Als Betreiber der Seiten sind wir gem\u00e4\u00df \u00a7 6 Abs. 1 MDStV und \u00a7 8 Abs. 1 TDG f\u00fcr eigene Inhalte nach den allgemeinen Gesetzen verantwortlich. Die Inhalte der Seiten wurden mit gr\u00f6\u00dfter Sorgfalt erstellt. F\u00fcr die Richtigkeit, Vollst\u00e4ndigkeit und Aktualit\u00e4t der Inhalte k\u00f6nnen wir jedoch keine Haftung \u00fcbernehmen.<\/p>\n<h3>Haftung f\u00fcr Links<\/h3>\n<p>Unser Angebot enth\u00e4lt Links zu externen Webseiten, auf deren Inhalte wir keinen Einfluss haben. Deshalb k\u00f6nnen wir f\u00fcr diese fremden Inhalte auch keine Gew\u00e4hr \u00fcbernehmen. F\u00fcr die Inhalte der verlinkten Seiten ist der jeweilige Anbieter verantwortlich. Die Seiten wurden zum Zeitpunkt der Verlinkung auf m\u00f6gliche Rechtsverst\u00f6\u00dfe \u00fcberpr\u00fcft. Eine permanente Kontrolle der verlinkten Seiten ist jedoch ohne konkrete Anhaltspunkte nicht zumutbar. Bei bekannt werden von Rechtsverletzungen werden wir diese Links umgehend entfernen.<\/p>\n<h3>Urheberrecht<\/h3>\n<p>Die Ver\u00f6ffentlichungen auf diesen Seiten unterliegen dem deutschen Urheberrecht. Die Vervielf\u00e4ltigung, Bearbeitung, Verbreitung und jede Art der Verwertung au\u00dferhalb der Grenzen des Urheberrechtes bed\u00fcrfen der schriftlichen Zustimmung des jeweiligen Verfassers. Beitr\u00e4ge Dritter sind als solche gekennzeichnet. Downloads und Kopien dieser Seite sind nur f\u00fcr den privaten, nicht kommerziellen Gebrauch gestattet.<\/p>\n<\/section>\n","protected":false},"excerpt":{"rendered":"<p>Name und Anschrift B\u00fcndnis 90\/Die Gr\u00fcnen &#8211; Ortsverband Durlach c\/o B\u00fcndnis 90\/Die Gr\u00fcnen &#8211; Kreisverband Karlsruhe Redtenbacher 9 76133 Karlsruhe Der Ortsverband Durlach wird durch den Vorstand vertreten. Dem Vorstand&#8230; <\/p>\n","protected":false},"author":2,"featured_media":0,"parent":0,"menu_order":0,"comment_status":"closed","ping_status":"closed","template":"","meta":{"footnotes":""},"class_list":["post-667","page","type-page","status-publish","hentry"],"_links":{"self":[{"href":"https:\/\/www.gruene-durlach.de\/index.php?rest_route=\/wp\/v2\/pages\/667","targetHints":{"allow":["GET"]}}],"collection":[{"href":"https:\/\/www.gruene-durlach.de\/index.php?rest_route=\/wp\/v2\/pages"}],"about":[{"href":"https:\/\/www.gruene-durlach.de\/index.php?rest_route=\/wp\/v2\/types\/page"}],"author":[{"embeddable":true,"href":"https:\/\/www.gruene-durlach.de\/index.php?rest_route=\/wp\/v2\/users\/2"}],"replies":[{"embeddable":true,"href":"https:\/\/www.gruene-durlach.de\/index.php?rest_route=%2Fwp%2Fv2%2Fcomments&post=667"}],"version-history":[{"count":7,"href":"https:\/\/www.gruene-durlach.de\/index.php?rest_route=\/wp\/v2\/pages\/667\/revisions"}],"predecessor-version":[{"id":2490,"href":"https:\/\/www.gruene-durlach.de\/index.php?rest_route=\/wp\/v2\/pages\/667\/revisions\/2490"}],"wp:attachment":[{"href":"https:\/\/www.gruene-durlach.de\/index.php?rest_route=%2Fwp%2Fv2%2Fmedia&parent=667"}],"curies":[{"name":"wp","href":"https:\/\/api.w.org\/{rel}","templated":true}]}}