{"id":533,"date":"2018-01-01T16:40:23","date_gmt":"2018-01-01T15:40:23","guid":{"rendered":"http:\/\/www.gruene-durlach.de\/?page_id=533"},"modified":"2025-12-09T13:04:48","modified_gmt":"2025-12-09T12:04:48","slug":"antraege-der-durlacher-gruenen","status":"publish","type":"page","link":"https:\/\/www.gruene-durlach.de\/?page_id=533","title":{"rendered":"Antr\u00e4ge und Anfragen im Ortschaftsrat, Presseerkl\u00e4rungen"},"content":{"rendered":"<p><strong>Antr\u00e4ge und Anfragen der Gr\u00fcnen im Ortschaftsrat Durlach (seit 2018) und Pressemitteilungen (seit 2022)<\/strong><\/p>\n<ul>\n<li><a href=\"https:\/\/www.gruene-durlach.de\/wp-content\/uploads\/2025\/12\/2025_12_08-Verkehrskonzept-fuer-Durlacher-Altstadt-beschlossen_PM.pdf\"><img alt=\"\" \/>2025_12_08_PM Verkehrskonzept f\u00fcr die Durlacher Altstadt beschlossen<\/a><\/li>\n<li><a href=\"https:\/\/www.gruene-durlach.de\/wp-content\/uploads\/2024\/07\/2024-07-09_AntragFussverkehrsfreundlicheKreuzungAuerStrasse.pdf\">2025_05_09_Antrag Bericht Verkehrsversuch Seboldstra\u00dfe<img alt=\"\" \/><\/a><\/li>\n<li><a href=\"https:\/\/www.gruene-durlach.de\/wp-content\/uploads\/2024\/12\/12_11_24_Antrag-Feinstaub-messen_nm.pdf\">2024_12_11_Antrag Feinstaub messen<\/a><\/li>\n<li><a href=\"https:\/\/www.gruene-durlach.de\/wp-content\/uploads\/2024\/12\/2024_11_19_PM_Gruene-Durlach_Antrag-Aufstellflaechen.pdf\">2024_11_19_PM_Antrag_Aufstellfl\u00e4chen_Radfahrende<\/a><\/li>\n<li><a href=\"https:\/\/www.gruene-durlach.de\/wp-content\/uploads\/2024\/12\/11_13_24_Antrag_Abfallbehaelter.pdf\">2024_11_13_Antrag_Abfallbeh\u00e4lter<\/a><\/li>\n<li><a href=\"https:\/\/www.gruene-durlach.de\/wp-content\/uploads\/2024\/12\/2024_09_24_PM_-Parking-Day.pdf\">2024_09_24_PM_Parking_Day<\/a><\/li>\n<li><a href=\"https:\/\/www.gruene-durlach.de\/wp-content\/uploads\/2024\/07\/2024-07-09_AntragFussverkehrsfreundlicheKreuzungAuerStrasse.pdf\"><span class=\"title\">2024-07-09_Antrag-Fussg\u00e4ngerfreundlicheKreuzungAuerStra\u00dfe<\/span><\/a><\/li>\n<li><a href=\"https:\/\/www.gruene-durlach.de\/wp-content\/uploads\/2024\/07\/2024-07-09_Antrag-Halteverbotzone-AlterFriedhof.pdf\"><span class=\"title\">2024-07-09_Antrag-Halteverbotszone_Alter_Friedhof<\/span><\/a><\/li>\n<li><a href=\"https:\/\/www.gruene-durlach.de\/wp-content\/uploads\/2024\/07\/2024-07-09_Antrag-Klimaschutzkoordinator.pdf\"><span class=\"title\">2024-07-09_Antrag-Klimaschutzkoordinator<\/span><\/a><\/li>\n<li><a href=\"https:\/\/www.gruene-durlach.de\/wp-content\/uploads\/2024\/07\/2024-07-02_Antrag-StadtspaziergangBarrierefreiheit.pdf\">2024-07-02_Antrag-StadtspaziergangBarrierefreiheit<\/a><\/li>\n<li><a href=\"https:\/\/www.gruene-durlach.de\/wp-content\/uploads\/2024\/07\/2024-07-02_Antrag-Statistik-Betreuungszeitausfall.pdf\">2024-07-02_Antrag-Statistik-Betreuungszeitausfall<\/a><\/li>\n<li><a href=\"https:\/\/www.gruene-durlach.de\/wp-content\/uploads\/2024\/07\/2024-06-19_Antrag-PV-Dach-Programm-Durlach.pdf\">2024-06-19_Antrag-PV-Dach-Programm-Durlach<\/a><\/li>\n<li><a href=\"https:\/\/www.gruene-durlach.de\/wp-content\/uploads\/2024\/07\/2024-06-19_Antrag-WegebeziehungenFussverkehrGritznerStrasse.pdf\">2024-06-19_Antrag-WegebeziehungenFu\u00dfverkehrGritznerStra\u00dfe<\/a><\/li>\n<li><a href=\"https:\/\/www.gruene-durlach.de\/wp-content\/uploads\/2024\/07\/2024-06-12_Antrag-KlaerungGehwegparken.pdf\">2024-06-12_Antrag-Kl\u00e4rungGehwegparken<\/a><\/li>\n<li><a href=\"https:\/\/www.gruene-durlach.de\/wp-content\/uploads\/2024\/07\/2024-05-26_Antrag-Stellplaetze-Schlossschule.pdf\">2024-05-26_Antrag-Stellpl\u00e4tze-Schlossschule<\/a><\/li>\n<li><a href=\"https:\/\/www.gruene-durlach.de\/wp-content\/uploads\/2024\/07\/2024-05-26_Anfrage-Stand-Verkehrskonzept.pdf\">2024-05-26_Anfrage-Stand-Verkehrskonzept<\/a><\/li>\n<li><a href=\"https:\/\/www.gruene-durlach.de\/wp-content\/uploads\/2024\/07\/2024-05-26_Antrag-Parkleitfuehrung-Durlach.pdf\">2024-05-26_Antrag-Parkleitf\u00fchrung-Durlach<\/a><\/li>\n<li><a href=\"https:\/\/www.gruene-durlach.de\/wp-content\/uploads\/2024\/06\/2024_05_22-Antrag-Fahrradstrasse-Basler-Tor-Str..pdf\">2024-05-22 Antrag Fahrradstra\u00dfe Basler-Tor-Stra\u00dfe<\/a><\/li>\n<li><a href=\"https:\/\/www.gruene-durlach.de\/wp-content\/uploads\/2024\/06\/PM_Kulturdiskussion_Orgelfabrik_dm.pdf\">2024-05-29 PM Podiumsdiskussion Kultur<\/a><\/li>\n<li><a href=\"https:\/\/www.gruene-durlach.de\/wp-content\/uploads\/2024\/05\/PM_Gruen-waehlen_gerade-jetzt_Demokratie-beginnt-vor-Ort.pdf\">2024-05-21 PM Gr\u00fcn w\u00e4hlen-gerade jetzt! Demokratie beginnt vor Ort<\/a><\/li>\n<li><a href=\"https:\/\/www.gruene-durlach.de\/wp-content\/uploads\/2024\/05\/PM_Was-kommt-was-bleibt-Durlacher-Verkehrskonzept.pdf\">2024-05-07 PM Was kommt was bleibt: Durlacher Verkehrskonzept<\/a><\/li>\n<li><a href=\"http:\/\/www.gruene-durlach.de\/wp-content\/uploads\/2024\/03\/PM-OR-Sitzung-13.03.241.pdf\">2024-03-18 PM OR-Sitzung 13.03.24<\/a><\/li>\n<li><a href=\"http:\/\/www.gruene-durlach.de\/wp-content\/uploads\/2024\/01\/2023-12-15-PM-Verkehrskonzept.pdf\">2023-12-15 PM Verkehrskonzept Erweiterung Fu\u00dfg\u00e4ngerzone Durlach<\/a><\/li>\n<li><a href=\"http:\/\/www.gruene-durlach.de\/wp-content\/uploads\/2023\/12\/2023-12-10-PM-WoDruecktDerSchuh_Bergwald.pdf\">2023-12-10 PM Wo dr\u00fcckt der Schuh Bergwald<\/a><\/li>\n<li><a href=\"https:\/\/www.gruene-durlach.de\/wp-content\/uploads\/2024\/07\/2023-11-16_Anfrage-Kinderinteressenvertretung.pdf\">2023-11-16 Anfrage Kinderinteressenvertretung<\/a><\/li>\n<li><a href=\"http:\/\/www.gruene-durlach.de\/wp-content\/uploads\/2023\/12\/2023_11_11_PM_Wo-drueckt-der-Schuh-Marktplatz.pdf\">2023-11-11 PM Wo dr\u00fcckt der Schuh Marktplatz<\/a><\/li>\n<li><a href=\"http:\/\/www.gruene-durlach.de\/wp-content\/uploads\/2023\/12\/ANFRAGE-Schaufenster-Altstadt-Durlach.pdf\">2023-08-28 Anfrage Schaufenster Altstadt<\/a><\/li>\n<li><a href=\"http:\/\/www.gruene-durlach.de\/wp-content\/uploads\/2023\/12\/2023-08-28-Antrag-Buergerbefragung-Nahversorung.pdf\">2023-08-28 Antrag B\u00fcrgerbefragung Nahversorgung<\/a><\/li>\n<li><a href=\"http:\/\/www.gruene-durlach.de\/wp-content\/uploads\/2023\/12\/PM-Antrag-Strassenprostitution.pdf\">2023-05-30 PM Stra\u00dfenprostitution<\/a><\/li>\n<li><a href=\"http:\/\/www.gruene-durlach.de\/wp-content\/uploads\/2023\/12\/2022_11_08-Anfrage-Hengstplatz-1.pdf\">2022_11_08-Anfrage-Hengstplatz<\/a><\/li>\n<li><a href=\"http:\/\/www.gruene-durlach.de\/wp-content\/uploads\/2023\/12\/2022-04-10-PM-Rittnertstrasse.pdf\">2022 04 10 PM Rittnertstra\u00dfe<\/a><\/li>\n<li><a href=\"http:\/\/www.gruene-durlach.de\/wp-content\/uploads\/2023\/12\/2022-02-17-PM-Seboldstrasse.pdf\">2022 02 17 PM Seboldstra\u00dfe<\/a><\/li>\n<li><a href=\"http:\/\/2021_04_09_Gruene-Anfrage_Busumsteigeverbindungen_Bergdoerfer\">2021_04_09_Gruene-Anfrage_Busumsteigeverbindungen_Bergdoerfer<\/a><\/li>\n<li><a href=\"http:\/\/2021_03_27_Gruene_Antrag_Sporthalle_fuer_Durlacher_Vereine_und_Schulen_neue_Kita\">2021_03_27_Gruene_Antrag_Sporthalle_fuer_Durlacher_Vereine_und_Schulen_neue_Kita<\/a><\/li>\n<li><a href=\"http:\/\/2021_03_31_Gruene-Antrag_Nutria_Fuchs_Dachs_Bericht_Wildtierbeauftragter\">2021_03_31_Gruene-Antrag_Nutria_Fuchs_Dachs_Bericht_Wildtierbeauftragter<\/a><\/li>\n<li><a href=\"http:\/\/www.gruene-durlach.de\/wp-content\/uploads\/2021\/05\/2021_03_21_Gruene-Antrag_Aufnahme_PV_Pflicht_in_neuen_Bebauungsplaenen.pdf\">2021-03-21_Antrag_Aufnahme_Photovoltaik_Pflicht_in neuen Bebauungspl\u00e4nen<\/a><\/li>\n<li><a href=\"http:\/\/www.gruene-durlach.de\/wp-content\/uploads\/2023\/12\/ANTRAG-Ha_usliche-Gewalt-wa_hrend-der-Corona-Pandemie-03.08.2020.pdf\">2020-04-20 Antrag H\u00e4usliche Gewalt w\u00e4hrend der Pandemie<\/a><\/li>\n<li><a href=\"http:\/\/www.gruene-durlach.de\/wp-content\/uploads\/2019\/11\/2019_11_03_Antrag-Baumbestand.pdf\">2019-11-03_Antrag Baumbestand<\/a><\/li>\n<li><a href=\"http:\/\/www.gruene-durlach.de\/wp-content\/uploads\/2019\/11\/2019_11-ANTRAG-Photovoltaik-Altstadt-Durlach.pdf\">2019-11 Antrag Photovoltaik Altstadt Durlach<\/a><\/li>\n<li><a href=\"http:\/\/www.gruene-durlach.de\/wp-content\/uploads\/2019\/11\/2019_09_05_L\u00e4rmschutz-Anfrage.pdf\">2019-09-05_L\u00e4rmschutz-Anfrage<\/a><\/li>\n<li><a href=\"http:\/\/www.gruene-durlach.de\/wp-content\/uploads\/2019\/11\/2019-30-8-Faires-Parken-Dornwald.pdf\">2019-30-8 Faires Parken Dornwald<\/a><\/li>\n<li><a href=\"http:\/\/www.gruene-durlach.de\/wp-content\/uploads\/2019\/11\/2019_Anfrage_Fl\u00e4chen_Insektizide.pdf\">2019_Anfrage_Fl\u00e4chen_Insektizide<\/a><\/li>\n<li><a href=\"http:\/\/www.gruene-durlach.de\/wp-content\/uploads\/2019\/11\/2019-10_Antrag-ErfassungVerkehrFu\u00dfg\u00e4ngerzone.pdf\">2019-10_Antrag-ErfassungVerkehrFu\u00dfg\u00e4ngerzone<\/a><\/li>\n<li><a href=\"http:\/\/www.gruene-durlach.de\/wp-content\/uploads\/2019\/11\/2019-10_Antrag-Verst\u00e4\u0088rkung\u00dcberwachungVerkehrFu\u00dfg\u00e4ngerzone.pdf\">2019-10_Antrag-Verst\u00e4\u0088rkung\u00dcberwachungVerkehrFu\u00dfg\u00e4ngerzone<\/a><\/li>\n<li><a href=\"http:\/\/www.gruene-durlach.de\/wp-content\/uploads\/2019\/11\/2019-09-13_L\u00e4rmschutz-Antrag.pdf\">2019-09-13_L\u00e4rmschutz-Antrag<\/a><\/li>\n<li><a href=\"http:\/\/www.gruene-durlach.de\/wp-content\/uploads\/2019\/11\/2019_ParkraumbewirtschaftungTurmberg.pdf\">2019_ParkraumbewirtschaftungTurmberg<\/a><\/li>\n<li><a href=\"http:\/\/www.gruene-durlach.de\/wp-content\/uploads\/2019\/11\/Anfrage-Hinweisschild-Barrierefreier-Aufgang-zur-Straba-Haltestelle-08.19.pdf\">2019-08 Anfrage Hinweisschild Barrierefreier Aufgang zur Straba-Haltestelle<\/a><\/li>\n<li><a href=\"http:\/\/www.gruene-durlach.de\/wp-content\/uploads\/2019\/11\/Anfrage-Toilette-im-Rathaus-08.19.pdf\">2019-08 Anfrage Toilette im Rathaus\u00a0<\/a><\/li>\n<li><a href=\"http:\/\/www.gruene-durlach.de\/wp-content\/uploads\/2019\/11\/2019_Antrag-Stra\u00dfenreinigungWegeTurmberg.pdf\">2019_Antrag-Stra\u00dfenreinigungWegeTurmberg<\/a><\/li>\n<li><a href=\"http:\/\/www.gruene-durlach.de\/wp-content\/uploads\/2019\/11\/2019_Antrag-S4-Hubstrasse.pdf\">2019_Antrag S4 Hubstrasse<\/a><\/li>\n<li><a href=\"http:\/\/www.gruene-durlach.de\/wp-content\/uploads\/2019\/11\/2019_Antrag-Vkanb-Untere-Hub.pdf\">2019_Antrag Vkanb Untere Hub<\/a><\/li>\n<li><a href=\"http:\/\/www.gruene-durlach.de\/wp-content\/uploads\/2019\/11\/Anfrage-BBPL-N\u00f6rlicher-Altstadtrand-Durlach.pdf\">Anfrage BBPL N\u00f6rdlicher Altstadtrand Durlach<\/a><\/li>\n<li><a href=\"http:\/\/www.gruene-durlach.de\/wp-content\/uploads\/2018\/05\/2018_05_02-Antrag-Untere-Hub_Vereine.pdf\">2018_05_02 Antrag Untere Hub_Vereine<\/a><\/li>\n<li><a href=\"http:\/\/www.gruene-durlach.de\/wp-content\/uploads\/2018\/05\/2018_05_02-Antrag-Untere-Hub_Schulsport.pdf\">2018_05_02 Antrag Untere Hub_Schulsport<\/a><\/li>\n<\/ul>\n<p><strong>Presseerkl\u00e4rungen und Ver\u00f6ffentlichungen der Durlacher Gr\u00fcnen (bis 2021)<br \/><\/strong><\/p>\n<ul>\n<li><a href=\"http:\/\/www.gruene-durlach.de\/wp-content\/uploads\/2021\/11\/2021_11_22_PM_Klausur.pdf\">2021_11_22_PM_Klausur<\/a><\/li>\n<li><a href=\"http:\/\/www.gruene-durlach.de\/wp-content\/uploads\/2019\/11\/PM-Ergebnis-Vorstandswahlen-2019.pdf\">2019_11_14 PM Ergebnis Vorstandswahlen 2019<\/a><\/li>\n<li><a href=\"http:\/\/www.gruene-durlach.de\/?attachment_id=890\">2019_05_11 PM Politischer Fr\u00fchling eingel\u00e4utet<\/a><\/li>\n<li><a href=\"http:\/\/www.gruene-durlach.de\/wp-content\/uploads\/2019\/01\/2018_12_21-Pressemitteilung-B90-Die-Gr\u00fcnen-Durlach-Torw\u00e4rterhaus.pdf\">2018_12_21 Pressemitteilung Torw\u00e4rterhaus<\/a><\/li>\n<li><a href=\"http:\/\/www.gruene-durlach.de\/wp-content\/uploads\/2018\/05\/2018_03_15-Pressemitteilung-Sportpark-Untere-Hub.pdf\">2018_03_15 Pressemitteilung Sportpark Untere Hub<\/a><\/li>\n<\/ul>\n<p><strong>Antr\u00e4ge der Gr\u00fcnen im Ortschaftsrat Durlach (bis 2017)<br \/><\/strong><\/p>\n<ul>\n<li><a href=\"http:\/\/www.gruene-durlach.de\/wp-content\/uploads\/2017\/03\/2017_03_12_Antrag-Gesundheitsf\u00f6rderungAeltere.pdf\">2017_03_12_Antrag Gesundheitsf\u00f6rderungAeltere<\/a><\/li>\n<li><a href=\"http:\/\/www.gruene-durlach.de\/wp-content\/uploads\/2017\/03\/2017_03_12_AntragPfinz-Eisvogel.pdf\">2017_03_12_AntragPfinz Eisvogel<\/a><\/li>\n<li><a href=\"http:\/\/www.gruene-durlach.de\/wp-content\/uploads\/2017\/03\/2017_02_23_AntragFussweg-Jean-Ritzert.pdf\">2017_02_23_AntragFussweg Jean-Ritzert<\/a><\/li>\n<li><a href=\"http:\/\/www.gruene-durlach.de\/wp-content\/uploads\/2017\/03\/2017_03_12_AntragS\u00e4uterich-Umlegung.pdf\">2017_03_12_AntragS\u00e4uterich Umlegung<\/a><\/li>\n<li><a href=\"http:\/\/www.gruene-durlach.de\/wp-content\/uploads\/2017\/03\/2017_03_12_Anfrage_Max-Liebermann-Stra\u00dfe.pdf\">2017_03_12_Anfrage_Max Liebermann Stra\u00dfe<\/a><\/li>\n<li><a href=\"http:\/\/www.gruene-durlach.de\/wp-content\/uploads\/2016\/04\/2016_03_27-Antrag-Einsatz-IP-Mittel.pdf\" rel=\"\">2016_03_27 Antrag Einsatz IP Mittel<\/a><\/li>\n<li><a href=\"http:\/\/www.gruene-durlach.de\/wp-content\/uploads\/2016\/03\/2016_02_28-Antrag-Temporeduzierung-Eisenhafengrund.pdf\" rel=\"\">2016_02_28 Antrag Temporeduzierung <\/a><a href=\"http:\/\/www.gruene-durlach.de\/wp-content\/uploads\/2016\/03\/2016_02_28-Antrag-Temporeduzierung-Eisenhafengrund.pdf\" rel=\"\">Eisenhafengrund<\/a><\/li>\n<li><a href=\"http:\/\/www.gruene-durlach.de\/wp-content\/uploads\/2016\/03\/2016_02_28-Antrag-Haltestelle-Eisenhafengrund.pdf\" rel=\"\">2016_02_28 Antrag Haltestelle Eisenhafengrund<\/a><\/li>\n<li><a href=\"http:\/\/www.gruene-durlach.de\/wp-content\/uploads\/2016\/03\/2016_02_28-Anfrage-Pfinzstr92.pdf\" rel=\"\">2016_02_28 Anfrage Pfinzstr92<\/a><\/li>\n<li><a href=\"http:\/\/www.gruene-durlach.de\/wp-content\/uploads\/2016\/03\/2016_01_25-stationaere-Pflege.pdf\" rel=\"\">2016_01_25 stationaere Pflege<\/a><\/li>\n<li><a href=\"http:\/\/www.gruene-durlach.de\/wp-content\/uploads\/2016\/03\/2016_01_22-Anfrage-Neues-Stadtquartier-an-der-Pfinz.pdf\" rel=\"\">2016_01_22 Anfrage Neues Stadtquartier an der Pfinz<\/a><\/li>\n<li><a href=\"http:\/\/www.gruene-durlach.de\/wp-content\/uploads\/2016\/03\/2016_01_19-Anfrage-DIE-GR\u00dcNEN-Begehung-Geigersberg.pdf\" rel=\"\">2016_01_19 Anfrage DIE GR\u00dcNEN Begehung Geigersberg<\/a><\/li>\n<li><a href=\"http:\/\/www.gruene-durlach.de\/wp-content\/uploads\/2016\/03\/2014_12-OR-Kanufahren-Pfinz.pdf\" rel=\"\">2015_01_19 Antrag Radweg Rittnertstra\u00dfe<\/a><\/li>\n<li><a href=\"http:\/\/www.gruene-durlach.de\/wp-content\/uploads\/2016\/03\/2014_02_24-Anfrage-Bolzplatz-Rommelstra\u00dfe-2.pdf\" rel=\"\">2015_06_16 Antrag Festhalle Durlach<\/a><\/li>\n<li><a href=\"http:\/\/www.gruene-durlach.de\/wp-content\/uploads\/2016\/03\/2015_03_17-Anfrage-LSG-Oberwald-Ri\u00dfnert.pdf\" rel=\"\">2015_03_17 Anfrage LSG Oberwald Ri\u00dfnert<\/a><\/li>\n<li><a href=\"http:\/\/www.gruene-durlach.de\/wp-content\/uploads\/2016\/03\/2015_03_05-Antrag-Sachstand-BBPL-Unten-am-Gr\u00f6tzinger-Weg.pdf\" rel=\"\">2015_03_05 Antrag Sachstand BBPL Unten am Gr\u00f6tzinger Weg<\/a><\/li>\n<li><a href=\"http:\/\/www.gruene-durlach.de\/wp-content\/uploads\/2016\/03\/2014_12-OR-Kanufahren-Pfinz.pdf\" rel=\"\">2015_07_12 Antrag Brandschutz<\/a><\/li>\n<li><a href=\"http:\/\/www.gruene-durlach.de\/wp-content\/uploads\/2016\/03\/2015_12_07-Antrag-KOD.pdf\" rel=\"\">2015_12_07 Antrag KOD<\/a><\/li>\n<li><a href=\"http:\/\/www.gruene-durlach.de\/wp-content\/uploads\/2016\/03\/2015_10_13-Antrag-Fahrradboxen.pdf\" rel=\"\">2015_10_13 Antrag Fahrradboxen<\/a><\/li>\n<li><a href=\"http:\/\/www.gruene-durlach.de\/wp-content\/uploads\/2016\/03\/2015_06_29-Antrag-Verkehr-Umfeld-Schlossschule.pdf\" rel=\"\">2015_06_29 Antrag Verkehr Umfeld Schlossschule<\/a><\/li>\n<li><a href=\"http:\/\/www.gruene-durlach.de\/wp-content\/uploads\/2016\/03\/2015_07-Antrag-LSG-Oberwald-Ri\u00dfnert.pdf\" rel=\"\">2015_07 Antrag LSG Oberwald Ri\u00dfnert<\/a><\/li>\n<li><a href=\"http:\/\/www.gruene-durlach.de\/wp-content\/uploads\/2016\/02\/2015_06_29-Antrag-Verkehr-Umfeld-Schlossschule.pdf\" rel=\"\">Antrag_Verkehr_Schlo\u00dfschule_29_6_2015<\/a><\/li>\n<li><a href=\"http:\/\/www.gruene-durlach.de\/wp-content\/uploads\/2016\/03\/2014_12-OR-Kanufahren-Pfinz.pdf\" rel=\"\">2014_12 OR Kanufahren Pfinz<\/a><\/li>\n<li><a href=\"http:\/\/www.gruene-durlach.de\/wp-content\/uploads\/2016\/03\/2014_02_02-Anfrage-Querungshilfe-Raiherwiesenstra\u00dfe.pdf\" rel=\"\">2014_02_02 Anfrage Querungshilfe Raiherwiesenstra\u00dfe<\/a><\/li>\n<li><a href=\"http:\/\/www.gruene-durlach.de\/wp-content\/uploads\/2016\/03\/2014_02_24-Anfrage-Bolzplatz-Rommelstra\u00dfe-2.pdf\" rel=\"\">2014_02_24 Anfrage Bolzplatz Rommelstra\u00dfe 2<\/a><\/li>\n<li><a href=\"http:\/\/www.gruene-durlach.de\/wp-content\/uploads\/2016\/03\/2014_02_06-Anfrage-Sperrm\u00fcll-auf-Abruf.pdf\" rel=\"\">2014_02_06 Anfrage Sperrm\u00fcll auf Abruf<\/a><\/li>\n<li><a href=\"http:\/\/www.gruene-durlach.de\/wp-content\/uploads\/2016\/03\/2014_12-OR-Friedrich-Realschule.pdf\" rel=\"\">2014_12 OR Friedrich Realschule<\/a><\/li>\n<li><a href=\"http:\/\/www.gruene-durlach.de\/wp-content\/uploads\/2016\/03\/2014_10-OR-Antrag-Ampelanlage-Weinweg.pdf\" rel=\"\">2014_10 OR Antrag Ampelanlage Weinweg<\/a><\/li>\n<\/ul>\n<p><strong>Alte Presseerkl\u00e4rungen und Ver\u00f6ffentlichungen der Gr\u00fcnen im Ortschaftsrat Durlach<\/strong><\/p>\n<ul>\n<li><a href=\"http:\/\/www.gruene-durlach.de\/wp-content\/uploads\/2016\/03\/2016_03_16-BNN-Pfegepl\u00e4tze-Durlach.pdf\" rel=\"\">2016_03_16 BNN Pfegepl\u00e4tze Durlach<\/a><\/li>\n<li><a href=\"http:\/\/www.gruene-durlach.de\/wp-content\/uploads\/2016\/03\/2016_03_16-BNN-Sch\u00fclerhort-Grazer-Stra\u00dfe.pdf\" rel=\"\">2016_03_16 BNN Sch\u00fclerhort Grazer Stra\u00dfe<\/a><\/li>\n<li><a href=\"http:\/\/www.gruene-durlach.de\/wp-content\/uploads\/2016\/03\/2016_03_16-BNN-Fahrradcheck-OR-Sitzung.pdf\" rel=\"\">2016_03_16 BNN Fahrradcheck OR Sitzung<\/a><\/li>\n<li><a href=\"http:\/\/www.gruene-durlach.de\/wp-content\/uploads\/2016\/02\/BNN_SprachenfolgeMGG_20_7_2015.pdf\" rel=\"\">BNN_SprachenfolgeMGG_20_7_2015<\/a><\/li>\n<li><a href=\"http:\/\/www.gruene-durlach.de\/wp-content\/uploads\/2016\/02\/2015_20-Fraktionsinfo-B90-Die-Gr\u00fcnen-Durlach-Turmbergterrasse.pdf\" rel=\"\">PE_Turmbergterrasse_20_7_2015<\/a><\/li>\n<\/ul>\n\n\n<p><\/p>\n","protected":false},"excerpt":{"rendered":"<p>Antr\u00e4ge und Anfragen der Gr\u00fcnen im Ortschaftsrat Durlach (seit 2018) und Pressemitteilungen (seit 2022) 2025_12_08_PM Verkehrskonzept f\u00fcr die Durlacher Altstadt beschlossen 2025_05_09_Antrag Bericht Verkehrsversuch Seboldstra\u00dfe 2024_12_11_Antrag Feinstaub messen 2024_11_19_PM_Antrag_Aufstellfl\u00e4chen_Radfahrende 2024_11_13_Antrag_Abfallbeh\u00e4lter&#8230; <\/p>\n","protected":false},"author":2,"featured_media":0,"parent":66,"menu_order":0,"comment_status":"closed","ping_status":"closed","template":"","meta":{"footnotes":""},"class_list":["post-533","page","type-page","status-publish","hentry"],"_links":{"self":[{"href":"https:\/\/www.gruene-durlach.de\/index.php?rest_route=\/wp\/v2\/pages\/533","targetHints":{"allow":["GET"]}}],"collection":[{"href":"https:\/\/www.gruene-durlach.de\/index.php?rest_route=\/wp\/v2\/pages"}],"about":[{"href":"https:\/\/www.gruene-durlach.de\/index.php?rest_route=\/wp\/v2\/types\/page"}],"author":[{"embeddable":true,"href":"https:\/\/www.gruene-durlach.de\/index.php?rest_route=\/wp\/v2\/users\/2"}],"replies":[{"embeddable":true,"href":"https:\/\/www.gruene-durlach.de\/index.php?rest_route=%2Fwp%2Fv2%2Fcomments&post=533"}],"version-history":[{"count":82,"href":"https:\/\/www.gruene-durlach.de\/index.php?rest_route=\/wp\/v2\/pages\/533\/revisions"}],"predecessor-version":[{"id":2449,"href":"https:\/\/www.gruene-durlach.de\/index.php?rest_route=\/wp\/v2\/pages\/533\/revisions\/2449"}],"up":[{"embeddable":true,"href":"https:\/\/www.gruene-durlach.de\/index.php?rest_route=\/wp\/v2\/pages\/66"}],"wp:attachment":[{"href":"https:\/\/www.gruene-durlach.de\/index.php?rest_route=%2Fwp%2Fv2%2Fmedia&parent=533"}],"curies":[{"name":"wp","href":"https:\/\/api.w.org\/{rel}","templated":true}]}}