{"id":1981,"date":"2024-04-20T13:57:14","date_gmt":"2024-04-20T11:57:14","guid":{"rendered":"http:\/\/www.gruene-durlach.de\/?page_id=1981"},"modified":"2026-02-06T22:56:57","modified_gmt":"2026-02-06T21:56:57","slug":"der-ortschaftsrat","status":"publish","type":"page","link":"https:\/\/www.gruene-durlach.de\/?page_id=1981","title":{"rendered":"Der Ortschaftsrat"},"content":{"rendered":"\n<p>Die Arbeitsgrundlage f\u00fcr den Ortschaftsrat Durlach bilden <a rel=\"noreferrer noopener\" href=\"https:\/\/web1.karlsruhe.de\/Stadt\/Stadtrecht\/s-0-1.pdf\" target=\"_blank\">Artikel 15\u00a7 der Haupsatzung<\/a> der Stadt Karlsruhe und die Gesch\u00e4ftsordnung, die sich Durlach 2017 gegeben hat.<\/p>\n\n\n\n<p>Die Hauptsatzung gibt dem Ortschaftsrat im Wesentlichen das Recht auf Anh\u00f6rung und Einreichen von Antr\u00e4gen und Vorschl\u00e4gen bei &#8222;wichtigen Angelegenheiten, die die Ortschaft betreffen&#8220;. &#8222;Wichtige Angelegenheiten&#8220; sind zum Beispiel Verkehr, Ver\u00e4nderung des Ortsbildes, Bauleitplanung, Veranschlagung von Haushaltsmitteln oder \u00c4nderungen von Satzungen, die Durlach betreffen. Origin\u00e4re Aufgaben, die \u00fcber das Vorschlags- und Anh\u00f6rungsrecht hinausgehen, hat der Ortschaftsrat leider nur wenige, wie zum Beispiel die Pflege von Kultur und Brauchtum, Unterhaltung von Gemeindestra\u00dfen und Verpachtung der gemeindeeigenen Fischereigew\u00e4sser.<\/p>\n\n\n\n<p>Unser Spielraum ist also beschr\u00e4nkt; insbesondere das Vorschlags- und Anh\u00f6rungsrecht nutzt die Gr\u00fcne Fraktion im Ortschaftsrat durch das Einreichen vieler Antr\u00e4ge in den Bereichen Verkehr, Soziales oder auch Stadtentwicklung.<\/p>\n\n\n\n<p>Eine weitere Arbeitsgrundlage, an der wir uns in der aktuellen Legislaturperiode messen lassen, ist das <a href=\"http:\/\/www.gruene-durlach.de\/?page_id=66\">Wahlprogramm, das wir f\u00fcr die Gemeinderatswahl 2019<\/a> erstellt haben.<\/p>\n\n\n\n<p>Die Sitzungen des Ortschaftsrats sind hier als Videoaufzeichung verf\u00fcgbar: <br><a href=\"https:\/\/www.youtube.com\/@stadtkarlsruhe2128\/playlists\">https:\/\/www.youtube.com\/@stadtkarlsruhe2128\/playlists<\/a><\/p>\n\n\n\n<p><strong><span style=\"color:#0f8c04\" class=\"has-inline-color\">Die wichtigsten GR\u00dcNEN Antr\u00e4ge, Initiativen und Erfolge der letzten Jahre im Durlacher Ortschaftsrat<\/span> <span style=\"color:#0f8c04\" class=\"has-inline-color\">in K\u00fcrze:<\/span><\/strong><\/p>\n\n\n\n<p><em><strong><span style=\"color:#0f8c04\" class=\"has-inline-color\">Schulen<\/span><\/strong><\/em><br>&#8211; Oberwaldschule: Einfeld-Sporthalle und General-Sanierung<br>&#8211; Pestalozzischule: \u00dcberdachung im Schulhof<br>&#8211; Turmbergschule: Sanierungsstau behoben<br>&#8211; Markgrafengymnasium: Fahrradparkpl\u00e4tze, Nutzung vom Hausmeisterhaus, Unterst\u00fctzung f\u00fcr eine Mensa<\/p>\n\n\n\n<p><em><span style=\"color:#0f8c04\" class=\"has-inline-color\"><strong>Kinder und Jugendliche<\/strong><\/span><\/em><br>&#8211; Kritische Nachfragen: Zu Schul\u00fcbertritten, digitaler Schulausstattung, Sanierungspl\u00e4nen auf Kinderspielpl\u00e4tzen<br>&#8211; Pandemiezeit: Anfragen zur Sicherstellung von Kinderschutz u. Vorsorgema\u00dfnahmen gegen H\u00e4usliche Gewalt<br>&#8211; Runder Tisch: \u201eH\u00e4usliche Gewalt und Kinderschutz\u201c, Umfrage bei Kindern- u. Jugendlichen zur Beteiligung<br>&#8211; Initiierung eines Kinder- und Jugendflohmarkts: \u201eVon Kindern f\u00fcr Kinder\u201c<\/p>\n\n\n\n<p><em><strong><span style=\"color:#0f8c04\" class=\"has-inline-color\">Miteinander leben<\/span><\/strong><\/em><br>&#8211; Initiierung der Aufstellung von \u201eSchw\u00e4tzb\u00e4nkle\u201c f\u00fcr ein Schw\u00e4tzle<br>&#8211; Kommunikative Sitzm\u00f6bel vor der Karlsburg (Anschaffung beschlossen)<br>&#8211; Beantragung von Sitzstufen an der Pfinz<br>&#8211; Belastungen durch die Stra\u00dfenprostitution bei den zust\u00e4ndigen Beh\u00f6rden Geh\u00f6r verschaffen<\/p>\n\n\n\n<p><em><strong><span style=\"color:#0f8c04\" class=\"has-inline-color\">Stadtplanung und Stadtbild<\/span><\/strong><\/em><br>&#8211; Beantragung, Umplanung und Erschlie\u00dfung des Sportparks \u201eUntere Hub\u201c<br>&#8211; Anfragen zur Gesamtanlage und Erhaltungssatzung Durlach<br>&#8211; Antrag zur besseren verkehrlichen Erschlie\u00dfung des BMD-Areals<br>&#8211; Antr\u00e4ge zum geplanten Kombibad und zur Festhalle<\/p>\n\n\n\n<p><em><strong><span style=\"color:#0f8c04\" class=\"has-inline-color\">Energie, Klima und Umwelt<\/span><\/strong><\/em><br>&#8211; Fotovoltaik in der Durlacher Altstadt und auch auf den st\u00e4dtischen Geb\u00e4uden ist m\u00f6glich<br>&#8211; Energieversorgung: Oberer S\u00e4uterich, Nahw\u00e4rmenetze, Pr\u00fcfung Windenergie<br>&#8211; Unterst\u00fctzung f\u00fcr die Aufstellung von Ladestationen f\u00fcr E-Autos<br>&#8211; Tempo 30 auf der Badener Stra\u00dfe<\/p>\n\n\n\n<p><em><strong><span style=\"color:#0f8c04\" class=\"has-inline-color\">\u00d6PNV<\/span><\/strong><\/em><br>&#8211; Antrag zum Halt der S4 an der Hubstra\u00dfe<br>&#8211; Verl\u00e4ngerung der Buslinie 23 von Stupferich zum Bahnhof Durlach<br>&#8211; Konzept fu\u0308r eine bessere \u00d6PNV-Erschlie\u00dfung zwischen dem Killisfeld, Aue und Schlossplatz<br>&#8211; Fahrkartenautomat am Schlossplatz<\/p>\n\n\n\n<p><em><span style=\"color:#0f8c04\" class=\"has-inline-color\"><strong>B\u00e4ume, Parks und Artenvielfalt<\/strong><\/span><\/em><br>&#8211; Baumpflanzungen in Durlach und Aue<br>&#8211; Beantragung von Mikroparks und \u00f6kologische Aufwertung von bestehenden Gru\u0308nfl\u00e4chen<br>&#8211; Gr\u00fcncontainer in der Seboldstra\u00dfe<br>&#8211; Weiherhof: Einstieg in die Gru\u0308nfl\u00e4chen-Planung<\/p>\n\n\n\n<p><em><strong><span style=\"color:#0f8c04\" class=\"has-inline-color\">Fahrradfahren<\/span><\/strong><\/em><br>&#8211; Fahrradstra\u00dfen: Zwischen Aue und Durlach (K\u00e4rtner-\/Basler-Tor-Str.), in der Hubstr., Radroute: Ru\u00dfweg &#8211; Durlach<br>&#8211; Radwege: In beide Richtungen der Durlacher Allee u\u0308ber den Bahnhof Durlach, Schutzstreifen f\u00fcr den Radverkehr in der Ne\u00dflerstra\u00dfe, Radwegplanung in der Rittnertstra\u00dfe<br>&#8211; Kreuzungen: Sichtverbesserung durch Bu\u0308gel und Aufstellfl\u00e4chen, Fahrradampel an der Durlacher Allee<br>&#8211; Fahrradparkpl\u00e4tze in der Altstadt von Durlach<\/p>\n\n\n\n<p><em><strong><span style=\"color:#0f8c04\" class=\"has-inline-color\">Zufu\u00dfgehende<\/span><\/strong><\/em><br>&#8211; Umbau in fu\u00dfg\u00e4ngerfreundliche Kreuzungen: Auer-\/Schinnrainstra\u00dfe und Raiherwiesen\/Bleichstra\u00dfe<br>&#8211; Fu\u00dfwege: Barrierefreie Querung der Gritznerstra\u00dfe, Freihalten von Gehwegen, Seboldstra\u00dfe ohne Durchgangsverkehr<br>&#8211; Umsetzung des Fu\u00dfverkehrs-Checks<br>&#8211; Erweiterung der Fu\u00dfg\u00e4ngerzone<\/p>\n\n\n\n<p><strong><span style=\"color:#0f8c04\" class=\"has-inline-color\">Turmbergbahn \u2013 Faktencheck <\/span><\/strong><br><br>Die Turmbergbahn f\u00e4hrt mit veralteter Technik (aus den 60er Jahren) und hat ihre Zulassung verloren. Derzeit l\u00e4uft der Betrieb mit Sondergenehmigung bis l\u00e4ngstens Ende Oktober 2024. Die Bahn inklusive Gleisk\u00f6rper muss abgerissen werden.<\/p>\n\n\n\n<p><strong><span style=\"color:#0009a3\" class=\"has-inline-color\">Worum geht es:<\/span><\/strong><\/p>\n\n\n\n<ul class=\"wp-block-list\">\n<li>Abriss und Neubau der jetzigen Turmbergbahn und Verl\u00e4ngerung nach unten, bis zur B3<\/li>\n\n\n\n<li>Weitestgehende Begr\u00fcnung der Trasse in der Bergbahnstra\u00dfe<\/li>\n\n\n\n<li>Querungsm\u00f6glichkeit der Trasse bei der Turmbergstra\u00dfe<\/li>\n\n\n\n<li>Kurzer barrierefreier Umstieg von der Tram-1 in 50 m Entfernung<\/li>\n\n\n\n<li>Neubau komplett barrierefrei<\/li>\n\n\n\n<li>Integration in den KVV-Tarif (kostenloses Umsteigen von den Bussen und der Tram)<\/li>\n\n\n\n<li>Akzeptanzsteigerung durch Bergbahn gegen\u00fcber Busbetrieb<\/li>\n\n\n\n<li>Reduzierung des Verkehrs auf dem Turmberg, z.B. durch geplantes Parkraummanagement nach Inbetriebnahme der TBB<\/li>\n<\/ul>\n\n\n\n<p><strong><span style=\"color:#0009a3\" class=\"has-inline-color\">Kosten:<\/span><\/strong><\/p>\n\n\n\n<ul class=\"wp-block-list\">\n<li>Neubau TBB 28 \u2013 32 Mio \u20ac laut aktuellen Berechnungen der VBK und Vertr\u00e4gen<\/li>\n\n\n\n<li>F\u00f6rderung durch das Land BW von mindestens 50% (Bedingungen: \u00d6PNV, barrierefrei)<\/li>\n\n\n\n<li>Kosten f\u00fcr Neubau auf aktueller Trasse gesch\u00e4tzt 18 \u2013 24 Mio \u20ac<\/li>\n\n\n\n<li>Betriebskosten weit g\u00fcnstiger als Bus-Shuttle zur jetzigen Talstation (Einsparung ca. 500 Tsd &#8211; 1 Mio \u20ac \/ Jahr)<\/li>\n\n\n\n<li><strong><span class=\"has-inline-color has-vivid-red-color\">Betriebskosten Bus-Shuttle in 30 Jahren 20 \u2013 40 Mio \u20ac (2% j\u00e4hrliche Teuerung)<\/span><\/strong><\/li>\n<\/ul>\n\n\n\n<p><strong><span style=\"color:#0009a3\" class=\"has-inline-color\">Nachteile:<\/span><\/strong><\/p>\n\n\n\n<ul class=\"wp-block-list\">\n<li>Verl\u00e4ngerung teurer als Abriss und Neubau nur auf der bestehenden Trasse (s.o.)<\/li>\n\n\n\n<li>Umstrittenes Design der Fahrzeuge mit vertikaler Schwenktechnik<\/li>\n\n\n\n<li>Bebauung des Gr\u00fcnstreifens in der Bergbahnstra\u00dfe. Allerdings wird die bestehende Trasse teilweise entsiegelt (aufgest\u00e4ndert)<\/li>\n<\/ul>\n\n\n\n<p>Gemeinderat und Ortschaftsrat:<\/p>\n\n\n\n<ul class=\"wp-block-list\">\n<li>Zustimmung im Gemeinderat Karlsruhe im April 2022 bei 85% (34:6)<\/li>\n\n\n\n<li>Zustimmung im Ortschaftsrat Durlach im Februar 2022 bei 76% (16:4:1)<\/li>\n<\/ul>\n\n\n\n<p><span style=\"color:#0f8c04\" class=\"has-inline-color\"><strong>Fazit der Durlacher Gr\u00fcnen:<\/strong><\/span><br>Da die Vorteile der vorgeschlagenen L\u00f6sung die Nachteile \u00fcberwiegen und wir den \u00d6PNV st\u00e4rken wollen, stehen wir dem Projekt im Rahmen der derzeitig zu erwartenden Kosten positiv gegen\u00fcber. Das kann sich \u00e4ndern, sollte die Kostensituation sich stark ver\u00e4ndern<\/p>\n","protected":false},"excerpt":{"rendered":"<p>Die Arbeitsgrundlage f\u00fcr den Ortschaftsrat Durlach bilden Artikel 15\u00a7 der Haupsatzung der Stadt Karlsruhe und die Gesch\u00e4ftsordnung, die sich Durlach 2017 gegeben hat. Die Hauptsatzung gibt dem Ortschaftsrat im Wesentlichen&#8230; <\/p>\n","protected":false},"author":4,"featured_media":0,"parent":0,"menu_order":0,"comment_status":"closed","ping_status":"closed","template":"","meta":{"footnotes":""},"class_list":["post-1981","page","type-page","status-publish","hentry"],"_links":{"self":[{"href":"https:\/\/www.gruene-durlach.de\/index.php?rest_route=\/wp\/v2\/pages\/1981","targetHints":{"allow":["GET"]}}],"collection":[{"href":"https:\/\/www.gruene-durlach.de\/index.php?rest_route=\/wp\/v2\/pages"}],"about":[{"href":"https:\/\/www.gruene-durlach.de\/index.php?rest_route=\/wp\/v2\/types\/page"}],"author":[{"embeddable":true,"href":"https:\/\/www.gruene-durlach.de\/index.php?rest_route=\/wp\/v2\/users\/4"}],"replies":[{"embeddable":true,"href":"https:\/\/www.gruene-durlach.de\/index.php?rest_route=%2Fwp%2Fv2%2Fcomments&post=1981"}],"version-history":[{"count":9,"href":"https:\/\/www.gruene-durlach.de\/index.php?rest_route=\/wp\/v2\/pages\/1981\/revisions"}],"predecessor-version":[{"id":2485,"href":"https:\/\/www.gruene-durlach.de\/index.php?rest_route=\/wp\/v2\/pages\/1981\/revisions\/2485"}],"wp:attachment":[{"href":"https:\/\/www.gruene-durlach.de\/index.php?rest_route=%2Fwp%2Fv2%2Fmedia&parent=1981"}],"curies":[{"name":"wp","href":"https:\/\/api.w.org\/{rel}","templated":true}]}}