{"id":1854,"date":"2024-03-20T23:13:15","date_gmt":"2024-03-20T22:13:15","guid":{"rendered":"http:\/\/www.gruene-durlach.de\/?page_id=1854"},"modified":"2024-05-06T20:26:36","modified_gmt":"2024-05-06T18:26:36","slug":"wahlprogramm-ortschaftsrat-durlach-2024","status":"publish","type":"page","link":"https:\/\/www.gruene-durlach.de\/?page_id=1854","title":{"rendered":"Unser Programm zur Wahl Ortschaftsrat Durlach 2024"},"content":{"rendered":"\n<p>In einem l\u00e4ngeren Prozess entstand das Wahlprogramm f\u00fcr die Ortschaftsratswahl 2024. Die aktuelle Ortschftsratsfraktion und Kandidat:innen der Liste f\u00fcr die Wahl verfassten ein beachtliches Programm, in dem viele Anregungen der Durlacher Bev\u00f6lkerung eingeflossen sind.  Das Programm wurde von der Mitgliederversammlung am 26.3. verabschiedet. <\/p>\n\n\n\n<p>Eine kurze \u00dcbersicht \u00fcber die wichtigsten Themen:<\/p>\n\n\n\n<p><span class=\"has-inline-color has-vivid-green-cyan-color\"><strong>Durlach gemeinsam gestalten &#8211; Kurzwahlprogramm*<sup>)<\/sup> mit unseren Zielen\u00a0f\u00fcr die Ortschaftsratswahl f\u00fcr Durlach, 2024\u00a0<\/strong><\/span>\u00a0\u00a0<\/p>\n\n\n\n<p><span class=\"has-inline-color has-vivid-green-cyan-color\"><strong>Hier sind Familien und kulturelle Vielfalt zuhause<\/strong><\/span><\/p>\n\n\n\n<p><span class=\"has-inline-color has-vivid-green-cyan-color\">Kinder und Jugendliche<\/span><\/p>\n\n\n\n<ul class=\"wp-block-list\"><li>Bestehende Ressourcen zielorientiert f\u00fcr Kinder und Jugendliche in Durlach nutzen, ihnen proaktiv zug\u00e4nglich machen und sie daran beteiligen.<\/li><li>Beteiligung von Kindern\/Jugendlichen am kommunalen und politischen Geschehen<\/li><li>Unterst\u00fctzung ihrer Teilhabe bei der Planung von Veranstaltungen und Aufenthaltspl\u00e4tzen<\/li><li>F\u00f6rderung von erweiterten Angeboten<\/li><\/ul>\n\n\n\n<p><span class=\"has-inline-color has-vivid-green-cyan-color\">Spielpl\u00e4tze<\/span><\/p>\n\n\n\n<ul class=\"wp-block-list\"><li>Erhalt, Pflege und Ausbau bestehender Spiel- und Bolzpl\u00e4tze<\/li><li>\u201eChill-Pl\u00e4tze\u201c f\u00fcr Jugendliche im \u00f6ffentlichen Raum schaffen<\/li><li>Bedarfsorientierte Einrichtung neuer, barrierefreier Spielpl\u00e4tze in allen Ortsteilen<\/li><\/ul>\n\n\n\n<p><span class=\"has-inline-color has-vivid-green-cyan-color\">Kindertagesst\u00e4tten<\/span><\/p>\n\n\n\n<ul class=\"wp-block-list\"><li>Fu\u00dfl\u00e4ufige Erreichbarkeit auf sicheren Wegen und durch Nutzung des \u00d6PNV<\/li><li>Begleitung bei der Planung neuer Kindertagesst\u00e4tten und deren Einplanung innerhalb neuer Wohngebiete.<\/li><li>Entwicklung von flexiblen Betreuungsangeboten<\/li><\/ul>\n\n\n\n<p><span class=\"has-inline-color has-vivid-green-cyan-color\">Schullandschaft<\/span><\/p>\n\n\n\n<ul class=\"wp-block-list\"><li>Ausbau der Schulsozialarbeit, bedarfsangepasste Erh\u00f6hung des Stellenschl\u00fcssels<\/li><li>Zugang zu bestm\u00f6glichen individuellen Bildungsangeboten \u2013 unabh\u00e4ngig von Herkunft und muttersprachlicher Vorbildung f\u00fcr jedes Kind<\/li><li>Verbleib der \u201eSchule am Turmberg\u201c im Stadtteil und deren wertvoller Zusammenarbeit mit Grundschulen und Gewerbeschule<\/li><li>P\u00e4dagogisch fundierte Betreuungsangebote nachmittags und in den Ferienzeiten<\/li><li>Fl\u00e4chendeckende Einf\u00fchrung von Mittagstischen an allen Durlacher Schulen<\/li><\/ul>\n\n\n\n<p><span class=\"has-inline-color has-vivid-green-cyan-color\">Seniorinnen und Senioren<\/span><\/p>\n\n\n\n<ul class=\"wp-block-list\"><li>Schaffung von R\u00e4umen zur Begegnung zwischen Menschen aller Altersklassen<\/li><li>Unterst\u00fctzung vorhandener Projekte: Seniorenclub und Quartiersmanagement<\/li><li>Pr\u00e4ventive Ma\u00dfnahmen, die Vereinsamung vorbeugen und Gesunderhaltung f\u00f6rdern<\/li><\/ul>\n\n\n\n<p><span class=\"has-inline-color has-vivid-green-cyan-color\">Stra\u00dfenprostitution<\/span><\/p>\n\n\n\n<ul class=\"wp-block-list\"><li>Eine Bestandsaufnahme der Situation<\/li><li>Eine L\u00f6sungssuche mit den zust\u00e4ndigen Beh\u00f6rden, ggf. eine Erweiterung des Sperrbezirks<\/li><\/ul>\n\n\n\n<p><span class=\"has-inline-color has-vivid-green-cyan-color\">Kultur<\/span><\/p>\n\n\n\n<ul class=\"wp-block-list\"><li>Durlacher Kultureinrichtungen und Vereine unterst\u00fctzen<\/li><li>Kommunikative Begegnungs- und Bewegungsorte f\u00fcr Jung und Alt schaffen<\/li><li>Barrierefreie Kulturangebote f\u00f6rdern und fordern<\/li><\/ul>\n\n\n\n<p><span class=\"has-inline-color has-vivid-green-cyan-color\"><strong>Ein nachhaltiges Durlach f\u00fcr alle<\/strong><\/span><\/p>\n\n\n\n<p><span class=\"has-inline-color has-vivid-green-cyan-color\">Klima und Energie<\/span><\/p>\n\n\n\n<ul class=\"wp-block-list\"><li>B\u00fcrgerbeteiligung bei Klimaschutzma\u00dfnahmen<\/li><li>F\u00f6rderung von K\u00e4lteinseln im Rahmen des Hitzeaktionsplans<\/li><li>W\u00e4rmewende durch Abw\u00e4rmenutzung und Nahw\u00e4rmenetze<\/li><li>Lokale Energieerzeugungspotenziale erkennen und ausnutzen<\/li><\/ul>\n\n\n\n<p><span class=\"has-inline-color has-vivid-green-cyan-color\">Umweltschutz<\/span><\/p>\n\n\n\n<ul class=\"wp-block-list\"><li>Verbesserter L\u00e4rmschutz an den Autobahnen und beim Bahnprojekt Mannheim \u2013 Karlsruhe<\/li><li>Entsiegelung weiterer Fl\u00e4chen und Ausweitung insektenfreundlicher Gr\u00fcnanlagen<\/li><li>Ausweitung der Karlsruher Gr\u00fcnsatzung auf Durlach<\/li><\/ul>\n\n\n\n<p><span class=\"has-inline-color has-vivid-green-cyan-color\">Landschafts-, Natur- und Artenschutz<\/span><\/p>\n\n\n\n<ul class=\"wp-block-list\"><li>Ausweisung des Bergfeldes als Landschaftsschutzgebiet<\/li><li>Bau einer gro\u00dfen PV-Anlage auf der Deponie Eisenhafengrund<\/li><li>Fortf\u00fchrung des Projektes Gr\u00fcnverbindung vom Turmberg zum Rhein<\/li><\/ul>\n\n\n\n<p><span class=\"has-inline-color has-vivid-green-cyan-color\">Umweltfreundlich mobil<\/span><\/p>\n\n\n\n<ul class=\"wp-block-list\"><li>Eine m\u00f6glichst stadt- und klimavertr\u00e4gliche Befriedigung des Grundbed\u00fcrfnisses der Mobilit\u00e4t<\/li><li>Attraktive Bedingungen f\u00fcr das Zufu\u00dfgehen, das Radfahren und den \u00f6ffentlichen Nahverkehr<\/li><\/ul>\n\n\n\n<p><span class=\"has-inline-color has-vivid-green-cyan-color\">Fahrradfahren<\/span><\/p>\n\n\n\n<ul class=\"wp-block-list\"><li>Schaffung einer durchgehenden Radverbindung Durlach \u2013 Stupferich<\/li><li>Fahrradstra\u00dfe in der D\u00fcrrbachstra\u00dfe<\/li><li>Verbreiterung der Radwege in der Ottostra\u00dfe oder Aufhebung der Nutzungspflicht<\/li><li>Verbesserung der Radverbindungen zwischen Aue und Durlach, insb. Fahrradstra\u00dfen in der Basler-Tor-Stra\u00dfe und der K\u00e4rntnerstra\u00dfe<\/li><li>Schaffung von Regio-Radschnellwegen (insbesondere Verbindungen nach Karlsruhe, Weingarten und ins Pfinztal)<\/li><li>Installation weiterer, auch \u00fcberdachter Fahrradabstellpl\u00e4tze<\/li><\/ul>\n\n\n\n<p><span class=\"has-inline-color has-vivid-green-cyan-color\">Stra\u00dfenraum gerecht verteilen<\/span><\/p>\n\n\n\n<ul class=\"wp-block-list\"><li>Umsetzung des Verkehrskonzepts<\/li><li>\u00dcbersichtlichkeit f\u00fcr Zufu\u00dfgehende&nbsp;an problematischen Kreuzungen verbessern<\/li><li>Fu\u00dfg\u00e4ngerampeln grunds\u00e4tzlich als Dunkel-Ampeln schalten<\/li><li>F\u00f6rderung des Zufu\u00dfgehens zu den Schulen, Erh\u00f6hung der Sicherheit<\/li><li>Pr\u00fcfung weiterer Bewohnerparkzonen<\/li><li>Bewirtschaftung der Parkfl\u00e4chen auf dem Turmberg und entlang der Jean-Ritzert-Stra\u00dfe ab Inbetriebnahme der neuen Turmbergbahn<\/li><li>Pr\u00fcfung weiterer Bewohnerparkzonen<\/li><\/ul>\n\n\n\n<p><span class=\"has-inline-color has-vivid-green-cyan-color\">\u00d6PNV \u2013 Turmbergbahn, Stra\u00dfenbahn und Bus<\/span><\/p>\n\n\n\n<ul class=\"wp-block-list\"><li>Neue Busrouten, insbesondere Killisfeld \u2013 Aue \u2013 Schlossplatz<\/li><li>\u00d6PNV-Anbindung des Turmbergbades und neuer Quartiere von Anfang: Untere Hub, Unten am Gr\u00f6tzinger Weg, Oberer S\u00e4uterich<\/li><li>Enge Begleitung des Bauvorhabens Turmbergbahn mit einer Mittelstation am Hang<\/li><li>Bessere Anbindung der Bergd\u00f6rfer abends und am Wochenende<\/li><\/ul>\n\n\n\n<p><span class=\"has-inline-color has-vivid-green-cyan-color\"><strong>Stadtentwicklung<\/strong><\/span><\/p>\n\n\n\n<p><span class=\"has-inline-color has-vivid-green-cyan-color\">Stadtplanung<\/span><\/p>\n\n\n\n<ul class=\"wp-block-list\"><li>Umsetzung einer sozialen und \u00f6kologischen Stadtentwicklung<\/li><li>Soziale, inklusive und nachhaltige Stadtplanung, die dem begrenzten Raum in Durlach Rechnung tr\u00e4gt<\/li><li>Verl\u00e4ngerung der Stra\u00dfenbahn in das geplante Stadtquartier an der Pfinz<\/li><li>Ausgleich von Verlust an Gr\u00fcnfl\u00e4chen im Oberen S\u00e4uterich durch eindeutige soziale und \u00f6kologische Aspekte<\/li><\/ul>\n\n\n\n<p><span class=\"has-inline-color has-vivid-green-cyan-color\">Neuordnung des ehemaligen BMD-Areals \u201eAn der Stra\u00dfe zur Gie\u00dferei\u201c<\/span><\/p>\n\n\n\n<ul class=\"wp-block-list\"><li>Kritisch, aber auch konstruktiv mit den weiteren Pl\u00e4nen, Ma\u00dfnahmen und Folgen des Projektes auseinandersetzten<\/li><li>F\u00fcr eine intensive und fr\u00fchzeitige Beteiligung der \u00d6ffentlichkeit bei neuen Projektschritten des Bauvorhabens einsetzen<\/li><\/ul>\n\n\n\n<p><span class=\"has-inline-color has-vivid-green-cyan-color\">Sanierungsgebiet \u201eDurlacher Stadteingang\u201c\u00a0<\/span>\u00a0<\/p>\n\n\n\n<ul class=\"wp-block-list\"><li>Die kleine Anlage Willmar-Schwabe-Park hat aktuell keine hohe Aufenthaltsqualit\u00e4t und soll ansprechender gestaltet werden.<\/li><li>Die Fu\u00df- und Radverbindung zwischen Bahnhof und Durlach wollen wir attraktiver gestaltet haben.<\/li><\/ul>\n\n\n\n<p><span class=\"has-inline-color has-vivid-green-cyan-color\">Altstadt Durlach<\/span><\/p>\n\n\n\n<ul class=\"wp-block-list\"><li>Politische Unterst\u00fctzung beim Interessensausgleich zwischen Bewohner*innen,&nbsp; Eigent\u00fcmer*innen, Architekt*innen und Denkmalamt<\/li><\/ul>\n\n\n\n<p><span class=\"has-inline-color has-vivid-green-cyan-color\">Unterm\u00fchl- und Dornwaldsiedlung<\/span><\/p>\n\n\n\n<ul class=\"wp-block-list\"><li>Politische Unterst\u00fctzung bei der durch die Volkswohnung geplanten Geb\u00e4udesanierungen und Ersatzbauten und eine umfassende Quartiersplanung\/-entwicklung<\/li><\/ul>\n\n\n\n<p><span class=\"has-inline-color has-vivid-green-cyan-color\">Sport- und Freizeitpark Untere Hub<\/span><\/p>\n\n\n\n<ul class=\"wp-block-list\"><li>Minimierung des Verlusts an gr\u00fcnen Fl\u00e4chen und des Grads der Versiegelung<\/li><\/ul>\n\n\n\n<p><span class=\"has-inline-color has-vivid-green-cyan-color\">Weiherhofbad\/Festhalle<\/span><\/p>\n\n\n\n<ul class=\"wp-block-list\"><li>Eine fr\u00fchzeitige Einbindung der Vereine in die Konzeption einer neuen Festhalle<\/li><li>Ausreichende Kapazit\u00e4ten f\u00fcr Schulen und Vereine im neuen Kombibad<\/li><li>Soziale Eintrittspreise in ein neues Kombibad<\/li><li>Ein transparentes Planungs- und Bauverfahren<\/li><\/ul>\n\n\n\n<p><span class=\"has-inline-color has-vivid-green-cyan-color\">Aufenthaltsqualit\u00e4t auf Pl\u00e4tzen<\/span><\/p>\n\n\n\n<ul class=\"wp-block-list\"><li>Schaffung und Gestaltung eines Platzes der gemeinsamen Begegnungen im Weiherhofareal<\/li><\/ul>\n\n\n\n<p><span class=\"has-inline-color has-vivid-green-cyan-color\">Wirtschaftsstandort \/ Einzelhandel<\/span><\/p>\n\n\n\n<ul class=\"wp-block-list\"><li>St\u00e4rkere Einbindung der Wirtschaftsf\u00f6rderung Karlsruhe f\u00fcr das B-Zentrum Durlach<\/li><li>Eine Personalstelle \u201eCitymanagement\u201c im Stadtamt Durlach<\/li><li>Aufwertung der Aufenthaltsqualit\u00e4t<\/li><li>E-Bike-Ladestationen oder\/und Radstationen mit Reparaturset und Luftpumpe<\/li><li>Dynamisches Parkleitsystem pr\u00fcfen<\/li><\/ul>\n\n\n\n<p><strong>Und hier ist das vollst\u00e4ndige Programm in Langfassung:<\/strong><\/p>\n\n\n\n<div class=\"wp-block-file\"><a href=\"http:\/\/www.gruene-durlach.de\/wp-content\/uploads\/2024\/04\/Wahlprogramm_Ortschaftsratswahl_Durlach_2024.pdf\">Wahlprogramm_Ortschaftsratswahl_Durlach_2024<\/a><a href=\"http:\/\/www.gruene-durlach.de\/wp-content\/uploads\/2024\/04\/Wahlprogramm_Ortschaftsratswahl_Durlach_2024.pdf\" class=\"wp-block-file__button\" download>Herunterladen<\/a><\/div>\n\n\n\n<figure class=\"wp-block-image size-large\"><img loading=\"lazy\" decoding=\"async\" width=\"800\" height=\"600\" src=\"http:\/\/www.gruene-durlach.de\/wp-content\/uploads\/2024\/04\/Klausur_Wahlprogramm-1-800x600.jpeg\" alt=\"\" class=\"wp-image-1883\" srcset=\"https:\/\/www.gruene-durlach.de\/wp-content\/uploads\/2024\/04\/Klausur_Wahlprogramm-1-800x600.jpeg 800w, https:\/\/www.gruene-durlach.de\/wp-content\/uploads\/2024\/04\/Klausur_Wahlprogramm-1-400x300.jpeg 400w, https:\/\/www.gruene-durlach.de\/wp-content\/uploads\/2024\/04\/Klausur_Wahlprogramm-1-768x576.jpeg 768w, https:\/\/www.gruene-durlach.de\/wp-content\/uploads\/2024\/04\/Klausur_Wahlprogramm-1-1536x1152.jpeg 1536w, https:\/\/www.gruene-durlach.de\/wp-content\/uploads\/2024\/04\/Klausur_Wahlprogramm-1-150x113.jpeg 150w, https:\/\/www.gruene-durlach.de\/wp-content\/uploads\/2024\/04\/Klausur_Wahlprogramm-1.jpeg 1600w\" sizes=\"auto, (max-width: 800px) 100vw, 800px\" \/><figcaption>Die Schreibgruppe bei der Arbeit <br>(v.l.n.r.: Margot Isele, Christina Stolz, Martin P\u00f6tzsche, Dr. Karin Mezger, Dietmar Maier, Ralf K\u00f6ster, Gabriel Tessmer, Dr. Heike Puzicha-Martz, Lutz Thielmann)<\/figcaption><\/figure>\n","protected":false},"excerpt":{"rendered":"<p>In einem l\u00e4ngeren Prozess entstand das Wahlprogramm f\u00fcr die Ortschaftsratswahl 2024. Die aktuelle Ortschftsratsfraktion und Kandidat:innen der Liste f\u00fcr die Wahl verfassten ein beachtliches Programm, in dem viele Anregungen der&#8230; <\/p>\n","protected":false},"author":4,"featured_media":0,"parent":0,"menu_order":0,"comment_status":"closed","ping_status":"closed","template":"","meta":{"footnotes":""},"class_list":["post-1854","page","type-page","status-publish","hentry"],"_links":{"self":[{"href":"https:\/\/www.gruene-durlach.de\/index.php?rest_route=\/wp\/v2\/pages\/1854","targetHints":{"allow":["GET"]}}],"collection":[{"href":"https:\/\/www.gruene-durlach.de\/index.php?rest_route=\/wp\/v2\/pages"}],"about":[{"href":"https:\/\/www.gruene-durlach.de\/index.php?rest_route=\/wp\/v2\/types\/page"}],"author":[{"embeddable":true,"href":"https:\/\/www.gruene-durlach.de\/index.php?rest_route=\/wp\/v2\/users\/4"}],"replies":[{"embeddable":true,"href":"https:\/\/www.gruene-durlach.de\/index.php?rest_route=%2Fwp%2Fv2%2Fcomments&post=1854"}],"version-history":[{"count":17,"href":"https:\/\/www.gruene-durlach.de\/index.php?rest_route=\/wp\/v2\/pages\/1854\/revisions"}],"predecessor-version":[{"id":2042,"href":"https:\/\/www.gruene-durlach.de\/index.php?rest_route=\/wp\/v2\/pages\/1854\/revisions\/2042"}],"wp:attachment":[{"href":"https:\/\/www.gruene-durlach.de\/index.php?rest_route=%2Fwp%2Fv2%2Fmedia&parent=1854"}],"curies":[{"name":"wp","href":"https:\/\/api.w.org\/{rel}","templated":true}]}}