{"id":1414,"date":"2022-06-05T13:23:09","date_gmt":"2022-06-05T11:23:09","guid":{"rendered":"http:\/\/www.gruene-durlach.de\/?page_id=1414"},"modified":"2022-11-27T19:36:21","modified_gmt":"2022-11-27T18:36:21","slug":"radverkehr","status":"publish","type":"page","link":"https:\/\/www.gruene-durlach.de\/?page_id=1414","title":{"rendered":"Radverkehr"},"content":{"rendered":"\n<p>Der Radverkehr liegt uns Gr\u00fcnen naturgem\u00e4\u00df am Herzen. Schon Antr\u00e4ge aus den 90-ger Jahren haben versucht, Durlacher Stra\u00dfen sicherer und attraktiver f\u00fcr Fahrradfahrerinnen zu machen. Auch in der aktuellen Legislaturperiode hat sich die Fraktion der Gr\u00fcnen im Durlacher Ortschaftsrat mit vielen <a href=\"http:\/\/www.gruene-durlach.de\/?page_id=533\">Antr\u00e4gen<\/a> zum Thema Radverkehr zu Wort gemeldet, seien es neue und auch \u00fcberdachte Fahrradst\u00e4nder oder eine Sicherung der Fahrradverkehrswege auf den Durchgangsstra\u00dfen um Durlach herum. Leider dauert die Realisierung oft lange, selbst wenn die Mehrheiten gewonnen werden konnten &#8211; die Fahrradst\u00e4nder sind ein Beispiel daf\u00fcr.<\/p>\n\n\n\n<p>Wir nehmen die Karlsruher Verkehrsplanung also beim Wort, die im Rahmen des <a href=\"https:\/\/www.karlsruhe.de\/b3\/mobilitaet\/radverkehr\/fahrradstadt\/aktive_mobilitaet.de\">Programmes f\u00fcr aktive Mobilit\u00e4t<\/a> den Anteil des Umweltverbundes (\u00d6PNV, zu Fu\u00df gehen, Rad fahren) am st\u00e4dtischen Verkehr (gemessen in der Anzahl der Wege) von 55% im Jahr 2018 auf 70% im Jahr 2035 erh\u00f6hen m\u00f6chte.<\/p>\n\n\n\n<h3 class=\"wp-block-heading\">16.11.2022<\/h3>\n\n\n\n<p>In dieser Ortschaftsratssitzung haben wir einen Antrag gestellt, mittels eines Netzes von Fahrradstra\u00dfen eine sichere Fahrradverbindung zwischen Aue und Durlach herzustellen, auch weil es dort viele fahrradfahrende Sch\u00fclerinnen gibt. Die Stadt Karlsruhe meinte in ihrer Stellungnahme, das sei so nicht realisierbar, da der Querschnitt der Stra\u00dfen zu gering sei. Allerdings m\u00fc\u00dfte man nur einige wenige Parkpl\u00e4tze wegnehmen, so die Ansicht unserer Fraktion, um an einigen Engstellen ausreichend Platz zu schaffen (zur Begr\u00fcndung siehe <a href=\"http:\/\/www.gruene-durlach.de\/?attachment_id=1466\">hier<\/a>). Auch die BNN berichtete dar\u00fcber (s.u.). Dieser Antrag wurde zur weiteren Bearbeitung und Konkretisierung in den Ausschuss verwiesen. <\/p>\n\n\n\n<figure class=\"wp-block-gallery aligncenter columns-1 is-cropped wp-block-gallery-1 is-layout-flex wp-block-gallery-is-layout-flex\"><ul class=\"blocks-gallery-grid\"><li class=\"blocks-gallery-item\"><figure><img loading=\"lazy\" decoding=\"async\" width=\"553\" height=\"597\" src=\"http:\/\/www.gruene-durlach.de\/wp-content\/uploads\/2022\/11\/FahrradstrassenDurlach.png\" alt=\"\" data-id=\"1473\" data-full-url=\"http:\/\/www.gruene-durlach.de\/wp-content\/uploads\/2022\/11\/FahrradstrassenDurlach.png\" data-link=\"http:\/\/www.gruene-durlach.de\/?attachment_id=1473\" class=\"wp-image-1473\" srcset=\"https:\/\/www.gruene-durlach.de\/wp-content\/uploads\/2022\/11\/FahrradstrassenDurlach.png 553w, https:\/\/www.gruene-durlach.de\/wp-content\/uploads\/2022\/11\/FahrradstrassenDurlach-400x432.png 400w, https:\/\/www.gruene-durlach.de\/wp-content\/uploads\/2022\/11\/FahrradstrassenDurlach-139x150.png 139w\" sizes=\"auto, (max-width: 553px) 100vw, 553px\" \/><figcaption class=\"blocks-gallery-item__caption\">Vorschlag<\/figcaption><\/figure><\/li><\/ul><\/figure>\n\n\n\n<figure class=\"wp-block-image size-large\"><img loading=\"lazy\" decoding=\"async\" width=\"800\" height=\"364\" src=\"http:\/\/www.gruene-durlach.de\/wp-content\/uploads\/2022\/11\/BNN_180112022_Fahrradstrassen-800x364.jpg\" alt=\"\" class=\"wp-image-1464\" srcset=\"https:\/\/www.gruene-durlach.de\/wp-content\/uploads\/2022\/11\/BNN_180112022_Fahrradstrassen-800x364.jpg 800w, https:\/\/www.gruene-durlach.de\/wp-content\/uploads\/2022\/11\/BNN_180112022_Fahrradstrassen-400x182.jpg 400w, https:\/\/www.gruene-durlach.de\/wp-content\/uploads\/2022\/11\/BNN_180112022_Fahrradstrassen-768x349.jpg 768w, https:\/\/www.gruene-durlach.de\/wp-content\/uploads\/2022\/11\/BNN_180112022_Fahrradstrassen-150x68.jpg 150w, https:\/\/www.gruene-durlach.de\/wp-content\/uploads\/2022\/11\/BNN_180112022_Fahrradstrassen.jpg 1054w\" sizes=\"auto, (max-width: 800px) 100vw, 800px\" \/><\/figure>\n","protected":false},"excerpt":{"rendered":"<p>Der Radverkehr liegt uns Gr\u00fcnen naturgem\u00e4\u00df am Herzen. Schon Antr\u00e4ge aus den 90-ger Jahren haben versucht, Durlacher Stra\u00dfen sicherer und attraktiver f\u00fcr Fahrradfahrerinnen zu machen. Auch in der aktuellen Legislaturperiode&#8230; <\/p>\n","protected":false},"author":2,"featured_media":0,"parent":0,"menu_order":0,"comment_status":"closed","ping_status":"closed","template":"","meta":{"footnotes":""},"class_list":["post-1414","page","type-page","status-publish","hentry"],"_links":{"self":[{"href":"https:\/\/www.gruene-durlach.de\/index.php?rest_route=\/wp\/v2\/pages\/1414","targetHints":{"allow":["GET"]}}],"collection":[{"href":"https:\/\/www.gruene-durlach.de\/index.php?rest_route=\/wp\/v2\/pages"}],"about":[{"href":"https:\/\/www.gruene-durlach.de\/index.php?rest_route=\/wp\/v2\/types\/page"}],"author":[{"embeddable":true,"href":"https:\/\/www.gruene-durlach.de\/index.php?rest_route=\/wp\/v2\/users\/2"}],"replies":[{"embeddable":true,"href":"https:\/\/www.gruene-durlach.de\/index.php?rest_route=%2Fwp%2Fv2%2Fcomments&post=1414"}],"version-history":[{"count":19,"href":"https:\/\/www.gruene-durlach.de\/index.php?rest_route=\/wp\/v2\/pages\/1414\/revisions"}],"predecessor-version":[{"id":1476,"href":"https:\/\/www.gruene-durlach.de\/index.php?rest_route=\/wp\/v2\/pages\/1414\/revisions\/1476"}],"wp:attachment":[{"href":"https:\/\/www.gruene-durlach.de\/index.php?rest_route=%2Fwp%2Fv2%2Fmedia&parent=1414"}],"curies":[{"name":"wp","href":"https:\/\/api.w.org\/{rel}","templated":true}]}}