{"id":1299,"date":"2021-07-27T11:04:55","date_gmt":"2021-07-27T09:04:55","guid":{"rendered":"http:\/\/www.gruene-durlach.de\/?page_id=1299"},"modified":"2021-07-27T12:33:49","modified_gmt":"2021-07-27T10:33:49","slug":"fussgaengerzone-durlach","status":"publish","type":"page","link":"https:\/\/www.gruene-durlach.de\/?page_id=1299","title":{"rendered":"Fu\u00dfg\u00e4ngerzone Durlach"},"content":{"rendered":"\n<h4 class=\"wp-block-heading\">14. Juli 2021: Auf einem guten Weg zur Erweiterung der Fu\u00dfg\u00e4ngerzone in Durlach!<\/h4>\n\n\n\n<p>In der Ortschaftsratsitzung im Juli 2021 hat das Gremium einem Beschlussantrag zugestimmt, nach dem sich in einem Prozess, der bereits in diesem Herbst beginnt, Durlach auf den Weg zu einer Erweiterung der Fu\u00dfg\u00e4ngerzone macht. Geplant ist eine Erweiterung bis zur Karlsburgstra\u00dfe inklusive Marstallstra\u00dfe und eventuell Prinzessenstra\u00dfe. Beantragt ist hierf\u00fcr ein Ablauf, der viele Akteure mit einbindet und im kommenden Jahr mit einem Umsetzungbeschluss enden soll.<\/p>\n\n\n\n<p>Vorausgegangen war ein Antrag der Gr\u00fcnen Fraktion aus dem September 2019, der jedoch ausgebremst wurde. Mit einem interfraktionellen Antrag von Gr\u00fcnen, SPD und der Ortschaftsr\u00e4tin der Linken hat die Gr\u00fcne Fraktion im M\u00e4rz 2021 einen neuen Anlauf genommen, der diesen Prozess in Gang gesetzt hat.<\/p>\n\n\n\n<p><a href=\"https:\/\/web3.karlsruhe.de\/Gemeinderat\/ris\/bi\/to0040.php?__ksinr=6398\" target=\"_blank\" rel=\"noreferrer noopener\">Hier findet man die Dokumentation<\/a> zur Ortschaftsratssitzung.<\/p>\n","protected":false},"excerpt":{"rendered":"<p>14. Juli 2021: Auf einem guten Weg zur Erweiterung der Fu\u00dfg\u00e4ngerzone in Durlach! In der Ortschaftsratsitzung im Juli 2021 hat das Gremium einem Beschlussantrag zugestimmt, nach dem sich in einem&#8230; <\/p>\n","protected":false},"author":2,"featured_media":0,"parent":0,"menu_order":0,"comment_status":"closed","ping_status":"closed","template":"","meta":{"footnotes":""},"class_list":["post-1299","page","type-page","status-publish","hentry"],"_links":{"self":[{"href":"https:\/\/www.gruene-durlach.de\/index.php?rest_route=\/wp\/v2\/pages\/1299","targetHints":{"allow":["GET"]}}],"collection":[{"href":"https:\/\/www.gruene-durlach.de\/index.php?rest_route=\/wp\/v2\/pages"}],"about":[{"href":"https:\/\/www.gruene-durlach.de\/index.php?rest_route=\/wp\/v2\/types\/page"}],"author":[{"embeddable":true,"href":"https:\/\/www.gruene-durlach.de\/index.php?rest_route=\/wp\/v2\/users\/2"}],"replies":[{"embeddable":true,"href":"https:\/\/www.gruene-durlach.de\/index.php?rest_route=%2Fwp%2Fv2%2Fcomments&post=1299"}],"version-history":[{"count":3,"href":"https:\/\/www.gruene-durlach.de\/index.php?rest_route=\/wp\/v2\/pages\/1299\/revisions"}],"predecessor-version":[{"id":1302,"href":"https:\/\/www.gruene-durlach.de\/index.php?rest_route=\/wp\/v2\/pages\/1299\/revisions\/1302"}],"wp:attachment":[{"href":"https:\/\/www.gruene-durlach.de\/index.php?rest_route=%2Fwp%2Fv2%2Fmedia&parent=1299"}],"curies":[{"name":"wp","href":"https:\/\/api.w.org\/{rel}","templated":true}]}}