{"id":1253,"date":"2021-06-17T19:55:00","date_gmt":"2021-06-17T17:55:00","guid":{"rendered":"http:\/\/www.gruene-durlach.de\/?page_id=1253"},"modified":"2026-03-10T14:16:15","modified_gmt":"2026-03-10T13:16:15","slug":"homepage-_new_2","status":"publish","type":"page","link":"https:\/\/www.gruene-durlach.de\/","title":{"rendered":"\u00dcber uns"},"content":{"rendered":"\n<p>Wir Durlacher GR\u00dcNEN setzen uns daf\u00fcr ein, dass unser sch\u00f6nes Durlach auch in Zukunft so lebenswert bleibt, wie es ist. Bei der Kommunalwahl am 9. Juni erhielten sechs Kandidatinnen und Kandidaten den Auftrag, unseren Stadtteil \u00f6kologisch und sozial weiterzuentwickeln. Die neue Fraktion der GR\u00dcNEN im Ortschaftsrat besteht aus <strong>Dr. Sonja Klingert, Christina Stolz, Martin P\u00f6tzsche, Dietmar Maier, Dr. Karin Mezger und Gabriel Tessmer.<\/strong> Sie alle setzen sich im Ortschaftsrat mit gro\u00dfem Engagement f\u00fcr ein zukunftsorientiertes, klimafreundliches, lebenswertes und sozial gerechtes Durlach ein<strong>.<\/strong> Mit Sonja Klingert gibt es eine wichtige Verbindung vom Ortschaftsrat zum Karlsuher Gemeinderat &#8211; denn dort werden letztlich viele Entscheidungen abschlie\u00dfend getroffen. Sie ist in der Fraktion die Expertin  f\u00fcr Energiepolitik. Au\u00dfer Sonja Klingert ist noch der Durlacher Benjamin Bauer Mitglied der GR\u00dcNEN Fraktion des Gemeinderats. Wir Durlacher GR\u00dcNEN setzen uns ein f\u00fcr einen lebendigen Stadtteil, indem Toleranz gelebt wird, die Interessen von allen Bev\u00f6lkerungsgruppen ber\u00fccksichtigt werden und Hass und Hetze keinen Platz haben. So wichtig wie heute war das schon lange nicht mehr! Dazu m\u00f6chten wir in den Dialog treten und laden alle Interessierten zu den regelm\u00e4\u00dfig stattfindenden Mitgliederversammlungen ein (in der Spalte rechts sind die Termine ver\u00f6ffentlicht). F\u00fcr Fragen und Anregungen stehen wir gerne zu Verf\u00fcgung. Unter dem folgenden Link k\u00f6nnen Sie eine <a href=\"mailto:info@gruene-durlach.de\">Mail schicken<\/a>.<\/p>\n\n\n\n<figure class=\"wp-block-image size-large\"><a class=\"fancybox\" rel=\"gallery1253\" href=\"https:\/\/www.gruene-durlach.de\/wp-content\/uploads\/2026\/03\/DANKE-DURACH-2.png\"><img loading=\"lazy\" decoding=\"async\" width=\"800\" height=\"566\" src=\"https:\/\/www.gruene-durlach.de\/wp-content\/uploads\/2026\/03\/DANKE-DURACH-2-800x566.png\" alt=\"\" class=\"wp-image-2505\" srcset=\"https:\/\/www.gruene-durlach.de\/wp-content\/uploads\/2026\/03\/DANKE-DURACH-2-800x566.png 800w, https:\/\/www.gruene-durlach.de\/wp-content\/uploads\/2026\/03\/DANKE-DURACH-2-400x283.png 400w, https:\/\/www.gruene-durlach.de\/wp-content\/uploads\/2026\/03\/DANKE-DURACH-2-768x543.png 768w, https:\/\/www.gruene-durlach.de\/wp-content\/uploads\/2026\/03\/DANKE-DURACH-2-1536x1086.png 1536w, https:\/\/www.gruene-durlach.de\/wp-content\/uploads\/2026\/03\/DANKE-DURACH-2-150x106.png 150w, https:\/\/www.gruene-durlach.de\/wp-content\/uploads\/2026\/03\/DANKE-DURACH-2.png 2048w\" sizes=\"auto, (max-width: 800px) 100vw, 800px\" \/><\/a><\/figure>\n\n\n\n<h2 class=\"wp-block-heading\"><\/h2>\n\n\n\n<figure class=\"wp-block-image size-large\"><a class=\"fancybox\" rel=\"gallery1253\" href=\"https:\/\/www.gruene-durlach.de\/wp-content\/uploads\/2026\/02\/GrueneBW_CemOezdemir_Zitat.jpg\"><img loading=\"lazy\" decoding=\"async\" width=\"800\" height=\"498\" src=\"https:\/\/www.gruene-durlach.de\/wp-content\/uploads\/2026\/02\/GrueneBW_CemOezdemir_Zitat-800x498.jpg\" alt=\"\" class=\"wp-image-2479\" srcset=\"https:\/\/www.gruene-durlach.de\/wp-content\/uploads\/2026\/02\/GrueneBW_CemOezdemir_Zitat-800x498.jpg 800w, https:\/\/www.gruene-durlach.de\/wp-content\/uploads\/2026\/02\/GrueneBW_CemOezdemir_Zitat-400x249.jpg 400w, https:\/\/www.gruene-durlach.de\/wp-content\/uploads\/2026\/02\/GrueneBW_CemOezdemir_Zitat-768x478.jpg 768w, https:\/\/www.gruene-durlach.de\/wp-content\/uploads\/2026\/02\/GrueneBW_CemOezdemir_Zitat-1536x957.jpg 1536w, https:\/\/www.gruene-durlach.de\/wp-content\/uploads\/2026\/02\/GrueneBW_CemOezdemir_Zitat-150x93.jpg 150w, https:\/\/www.gruene-durlach.de\/wp-content\/uploads\/2026\/02\/GrueneBW_CemOezdemir_Zitat.jpg 1980w\" sizes=\"auto, (max-width: 800px) 100vw, 800px\" \/><\/a><\/figure>\n\n\n\n<p><\/p>\n\n\n\n<figure class=\"wp-block-image size-large\"><a class=\"fancybox\" rel=\"gallery1253\" href=\"https:\/\/www.gruene-durlach.de\/wp-content\/uploads\/2026\/03\/2Oe26-die-koennen-es-2048x1448-1.jpeg\"><img loading=\"lazy\" decoding=\"async\" width=\"800\" height=\"566\" src=\"https:\/\/www.gruene-durlach.de\/wp-content\/uploads\/2026\/03\/2Oe26-die-koennen-es-2048x1448-1-800x566.jpeg\" alt=\"\" class=\"wp-image-2498\" srcset=\"https:\/\/www.gruene-durlach.de\/wp-content\/uploads\/2026\/03\/2Oe26-die-koennen-es-2048x1448-1-800x566.jpeg 800w, https:\/\/www.gruene-durlach.de\/wp-content\/uploads\/2026\/03\/2Oe26-die-koennen-es-2048x1448-1-400x283.jpeg 400w, https:\/\/www.gruene-durlach.de\/wp-content\/uploads\/2026\/03\/2Oe26-die-koennen-es-2048x1448-1-768x543.jpeg 768w, https:\/\/www.gruene-durlach.de\/wp-content\/uploads\/2026\/03\/2Oe26-die-koennen-es-2048x1448-1-1536x1086.jpeg 1536w, https:\/\/www.gruene-durlach.de\/wp-content\/uploads\/2026\/03\/2Oe26-die-koennen-es-2048x1448-1-150x106.jpeg 150w, https:\/\/www.gruene-durlach.de\/wp-content\/uploads\/2026\/03\/2Oe26-die-koennen-es-2048x1448-1.jpeg 2048w\" sizes=\"auto, (max-width: 800px) 100vw, 800px\" \/><\/a><\/figure>\n\n\n\n<p><a href=\"http:\/\/gruene-durlach.de\/?page_id=1886\">Hier geht es zum Blog<\/a><\/p>\n\n\n\n<p>Mitgliedsantr\u00e4ge finden sich <a href=\"http:\/\/gruenekarlsruhe.de\/mitglied-werden\/\">hier.<\/a><\/p>\n\n\n\n<p>Bankverbindung:&nbsp;Volksbank&nbsp;Karlsruhe&nbsp;eG,&nbsp;BIC:&nbsp;GENODE61KA1,&nbsp;IBAN:&nbsp;DE60661900000055603405 <br><\/p>\n\n\n\n<p><\/p>\n","protected":false},"excerpt":{"rendered":"<p>Wir Durlacher GR\u00dcNEN setzen uns daf\u00fcr ein, dass unser sch\u00f6nes Durlach auch in Zukunft so lebenswert bleibt, wie es ist. Bei der Kommunalwahl am 9. Juni erhielten sechs Kandidatinnen und&#8230; <\/p>\n","protected":false},"author":2,"featured_media":0,"parent":0,"menu_order":0,"comment_status":"closed","ping_status":"closed","template":"","meta":{"footnotes":""},"class_list":["post-1253","page","type-page","status-publish","hentry"],"_links":{"self":[{"href":"https:\/\/www.gruene-durlach.de\/index.php?rest_route=\/wp\/v2\/pages\/1253","targetHints":{"allow":["GET"]}}],"collection":[{"href":"https:\/\/www.gruene-durlach.de\/index.php?rest_route=\/wp\/v2\/pages"}],"about":[{"href":"https:\/\/www.gruene-durlach.de\/index.php?rest_route=\/wp\/v2\/types\/page"}],"author":[{"embeddable":true,"href":"https:\/\/www.gruene-durlach.de\/index.php?rest_route=\/wp\/v2\/users\/2"}],"replies":[{"embeddable":true,"href":"https:\/\/www.gruene-durlach.de\/index.php?rest_route=%2Fwp%2Fv2%2Fcomments&post=1253"}],"version-history":[{"count":137,"href":"https:\/\/www.gruene-durlach.de\/index.php?rest_route=\/wp\/v2\/pages\/1253\/revisions"}],"predecessor-version":[{"id":2506,"href":"https:\/\/www.gruene-durlach.de\/index.php?rest_route=\/wp\/v2\/pages\/1253\/revisions\/2506"}],"wp:attachment":[{"href":"https:\/\/www.gruene-durlach.de\/index.php?rest_route=%2Fwp%2Fv2%2Fmedia&parent=1253"}],"curies":[{"name":"wp","href":"https:\/\/api.w.org\/{rel}","templated":true}]}}