{"id":1186,"date":"2021-04-27T19:43:26","date_gmt":"2021-04-27T17:43:26","guid":{"rendered":"http:\/\/www.gruene-durlach.de\/?page_id=1186"},"modified":"2021-04-27T19:51:12","modified_gmt":"2021-04-27T17:51:12","slug":"turmbergbahn","status":"publish","type":"page","link":"https:\/\/www.gruene-durlach.de\/?page_id=1186","title":{"rendered":"Turmbergbahn"},"content":{"rendered":"\n<h3 class=\"wp-block-heading\">27.04.2021: Stellungnahme der Fraktion der Gr\u00fcnen im Ortschaftsrat zu den aktuellen Pl\u00e4nen<\/h3>\n\n\n\n<p>Die Genehmigung der \u201c\u00e4ltesten Standseilbahn Deutschlands\u201d l\u00e4uft nun aus (November 2022), weil die Infrastruktur nicht mehr dem Stand der Technik entspricht. Eine neue Turmbergbahn muss her, und die Gr\u00fcne Ortschaftsratsfraktion in Durlach sprach sich von Anfang an f\u00fcr die urspr\u00fcnglich geplante Verl\u00e4ngerung der Bahn bis zur Endhaltestelle der Stra\u00dfenbahn aus. Sinn und Zweck ist die Integration der Turmbergahn in den geregelten \u00f6ffentlichen Nahverkehr. So k\u00f6nnen in Zukunft Jung und Alt, Ausfl\u00fcgler und Teilnehmer an Veranstaltungen der Sportschule, gehbehinderte und Familien mit kleinen Kindern umweltfreundlich den Turmberg \u201cbesteigen\u201d.<\/p>\n\n\n\n<p>Zu den <a href=\"https:\/\/www.vbk.info\/unternehmen\/news\/detail\/buerger-info-zum-umbau-der-turmbergbahn.html\" data-type=\"URL\" data-id=\"https:\/\/www.vbk.info\/unternehmen\/news\/detail\/buerger-info-zum-umbau-der-turmbergbahn.html\" target=\"_blank\" rel=\"noreferrer noopener\">derzeitigen Pl\u00e4nen der VBK (Stand Januar 2021<\/a><a href=\"https:\/\/www.vbk.info\/unternehmen\/news\/detail\/buerger-info-zum-umbau-der-turmbergbahn.html\" data-type=\"URL\" data-id=\"https:\/\/www.vbk.info\/unternehmen\/news\/detail\/buerger-info-zum-umbau-der-turmbergbahn.html\">)<\/a> bezieht die Gr\u00fcne Fraktion im Ortschaftsrat folgenderma\u00dfen Stellung:<\/p>\n\n\n\n<ol class=\"wp-block-list\" type=\"1\"><li>Wir stehen hinter einer Verl\u00e4ngerung der Turmbergbahn zwischen derzeitiger Talstation und Endhaltestelle der Tram \u201cDurlach Turmberg\u201d.<\/li><li>Wir sprechen uns f\u00fcr die Einrichtung einer Mittelstation in etwa auf H\u00f6he der jetzigen Talstation aus.&nbsp; Das haben wir nicht nur im interfraktionellen Antrag vom September 2020 zum Ausdruck gebracht, sondern in einem Antrag vom April 2021 nochmals bekr\u00e4ftigt.<\/li><li>Wir stehen der derzeitigen gestalterischen Vorlage skeptisch gegen\u00fcber und m\u00f6chten, dass der Gestaltungsbeirat der Stadt Karlsruhe in die Gestaltung einbezogen wird. Das betrifft insbesonder die Ausgestaltung des Zauns, der die Bev\u00f6lkerung vor Unf\u00e4llen auf den Gleisen sch\u00fctzen soll.<\/li><\/ol>\n\n\n\n<p>Dar\u00fcberhinaus gibt es viele weitere Themen, die im Zusammenhang mit den Pl\u00e4nen diskutiert werden (z.B. die M\u00f6glichkeit der Einrichtung einer Anwohnerparkzone in der Bergbahnstra\u00dfe oder die Frage, wie der Verkehrsfluss so ver\u00e4ndert werden kann, dass der n\u00f6rdliche Turmbergverkehr nicht weit \u00fcberwiegend \u00fcber die Stra\u00dfe \u201cAm Steinbruch\u201d abflie\u00dft. All diese Themen sind nicht abschlie\u00dfend gekl\u00e4rt, und wir lernen gemeinsam mit der Bev\u00f6lkerung St\u00fcck f\u00fcr St\u00fcck dazu. Bis die neue Turmbergbahn gebaut ist, werden alle Akteure immer wieder aufeinander zugehen und gemeinsam L\u00f6sungen erarbeiten m\u00fcssen.<\/p>\n\n\n\n<p>Unser Antrag, der unter anderem fordert, den Gestaltungsbeirat der Stadt Karlsruhe mit einzubeziehen und Vertreter der B\u00fcrgerschaft in Gastaltungsfragen ebenfalls zu h\u00f6ren, wurde in der<a href=\"https:\/\/web3.karlsruhe.de\/Gemeinderat\/ris\/bi\/to0040.php?__ksinr=6395\" data-type=\"URL\" data-id=\"https:\/\/web3.karlsruhe.de\/Gemeinderat\/ris\/bi\/to0040.php?__ksinr=6395\"> Ortschaftsratssitzung vom 14.04.21<\/a> behandelt. Unsere Fragen wurden teils ausf\u00fchrlich beantwortet, unter anderm wurden f\u00fcr den Sommer 2021 B\u00fcrgerbeteiligungsforen angek\u00fcndigt. <\/p>\n\n\n\n<p class=\"has-text-align-right\"><em>Sonja Klingert<\/em><\/p>\n","protected":false},"excerpt":{"rendered":"<p>27.04.2021: Stellungnahme der Fraktion der Gr\u00fcnen im Ortschaftsrat zu den aktuellen Pl\u00e4nen Die Genehmigung der \u201c\u00e4ltesten Standseilbahn Deutschlands\u201d l\u00e4uft nun aus (November 2022), weil die Infrastruktur nicht mehr dem Stand&#8230; <\/p>\n","protected":false},"author":2,"featured_media":0,"parent":0,"menu_order":0,"comment_status":"closed","ping_status":"closed","template":"","meta":{"footnotes":""},"class_list":["post-1186","page","type-page","status-publish","hentry"],"_links":{"self":[{"href":"https:\/\/www.gruene-durlach.de\/index.php?rest_route=\/wp\/v2\/pages\/1186","targetHints":{"allow":["GET"]}}],"collection":[{"href":"https:\/\/www.gruene-durlach.de\/index.php?rest_route=\/wp\/v2\/pages"}],"about":[{"href":"https:\/\/www.gruene-durlach.de\/index.php?rest_route=\/wp\/v2\/types\/page"}],"author":[{"embeddable":true,"href":"https:\/\/www.gruene-durlach.de\/index.php?rest_route=\/wp\/v2\/users\/2"}],"replies":[{"embeddable":true,"href":"https:\/\/www.gruene-durlach.de\/index.php?rest_route=%2Fwp%2Fv2%2Fcomments&post=1186"}],"version-history":[{"count":3,"href":"https:\/\/www.gruene-durlach.de\/index.php?rest_route=\/wp\/v2\/pages\/1186\/revisions"}],"predecessor-version":[{"id":1192,"href":"https:\/\/www.gruene-durlach.de\/index.php?rest_route=\/wp\/v2\/pages\/1186\/revisions\/1192"}],"wp:attachment":[{"href":"https:\/\/www.gruene-durlach.de\/index.php?rest_route=%2Fwp%2Fv2%2Fmedia&parent=1186"}],"curies":[{"name":"wp","href":"https:\/\/api.w.org\/{rel}","templated":true}]}}